{"id":547,"date":"2024-04-25T15:28:40","date_gmt":"2024-04-25T15:28:40","guid":{"rendered":"https:\/\/bowie.cl\/triconosmineros\/?page_id=547"},"modified":"2024-05-08T21:15:40","modified_gmt":"2024-05-08T21:15:40","slug":"nosotros-inclusion","status":"publish","type":"page","link":"https:\/\/bowie.cl\/triconosmineros\/nosotros-inclusion\/","title":{"rendered":"Nosotros &#8211; Inclusi\u00f3n"},"content":{"rendered":"\t\t<div data-elementor-type=\"wp-page\" data-elementor-id=\"547\" class=\"elementor elementor-547\">\n\t\t\t\t<div class=\"elementor-element elementor-element-9a8e50c e-flex e-con-boxed e-con e-parent\" data-id=\"9a8e50c\" data-element_type=\"container\" data-e-type=\"container\">\n\t\t\t\t\t<div class=\"e-con-inner\">\n\t\t\t\t<div class=\"elementor-element elementor-element-ce61e43 elementor-widget elementor-widget-spacer\" data-id=\"ce61e43\" data-element_type=\"widget\" data-e-type=\"widget\" data-widget_type=\"spacer.default\">\n\t\t\t\t<div class=\"elementor-widget-container\">\n\t\t\t\t\t\t\t<div class=\"elementor-spacer\">\n\t\t\t<div class=\"elementor-spacer-inner\"><\/div>\n\t\t<\/div>\n\t\t\t\t\t\t<\/div>\n\t\t\t\t<\/div>\n\t\t\t\t\t<\/div>\n\t\t\t\t<\/div>\n\t\t<div class=\"elementor-element elementor-element-dc374cb e-flex e-con-boxed e-con e-parent\" data-id=\"dc374cb\" data-element_type=\"container\" data-e-type=\"container\">\n\t\t\t\t\t<div class=\"e-con-inner\">\n\t\t\t\t<div class=\"elementor-element elementor-element-e9af8e2 elementor-widget elementor-widget-spacer\" data-id=\"e9af8e2\" data-element_type=\"widget\" data-e-type=\"widget\" data-widget_type=\"spacer.default\">\n\t\t\t\t<div class=\"elementor-widget-container\">\n\t\t\t\t\t\t\t<div class=\"elementor-spacer\">\n\t\t\t<div class=\"elementor-spacer-inner\"><\/div>\n\t\t<\/div>\n\t\t\t\t\t\t<\/div>\n\t\t\t\t<\/div>\n\t\t\t\t\t<\/div>\n\t\t\t\t<\/div>\n\t\t<div class=\"elementor-element elementor-element-ac58946 e-flex e-con-boxed e-con e-parent\" data-id=\"ac58946\" data-element_type=\"container\" data-e-type=\"container\">\n\t\t\t\t\t<div class=\"e-con-inner\">\n\t\t\t\t<div class=\"elementor-element elementor-element-7e51109 elementor-widget elementor-widget-heading\" data-id=\"7e51109\" data-element_type=\"widget\" data-e-type=\"widget\" data-widget_type=\"heading.default\">\n\t\t\t\t<div class=\"elementor-widget-container\">\n\t\t\t\t\t<h2 class=\"elementor-heading-title elementor-size-default\">POL\u00cdTICA DE INCLUSI\u00d3N TOTAL\nTRICONOS MINEROS SA.<\/h2>\t\t\t\t<\/div>\n\t\t\t\t<\/div>\n\t\t\t\t\t<\/div>\n\t\t\t\t<\/div>\n\t\t<div class=\"elementor-element elementor-element-730f056 e-flex e-con-boxed e-con e-parent\" data-id=\"730f056\" data-element_type=\"container\" data-e-type=\"container\">\n\t\t\t\t\t<div class=\"e-con-inner\">\n\t\t\t\t<div class=\"elementor-element elementor-element-495f030 elementor-widget elementor-widget-text-editor\" data-id=\"495f030\" data-element_type=\"widget\" data-e-type=\"widget\" data-widget_type=\"text-editor.default\">\n\t\t\t\t<div class=\"elementor-widget-container\">\n\t\t\t\t\t\t\t\t\t<p style=\"text-align: justify;\"> En Triconos Mineros SA, asumimos la responsabilidad de aportar a la sostenibilidad las comunidades donde desarrollamos nuestras operaciones.\n\nPor tanto, reconocemos los intereses de inserci\u00f3n social y laboral de todas las personas, as\u00ed como tambi\u00e9n nos sentimos llamados a incorporar al interior de nuestra empresa la riqueza de la pluralidad de cada comunidad que nos alberga.\n\nEntendemos la diversidad como una ventaja en la gesti\u00f3n de las distintas \u00e1reas de negocios, ya que justamente lo que diferencia a cada uno de nuestros trabajadores es lo que hace particular y especial su contribuci\u00f3n. <\/p>\t\t\t\t\t\t\t\t<\/div>\n\t\t\t\t<\/div>\n\t\t\t\t\t<\/div>\n\t\t\t\t<\/div>\n\t\t<div class=\"elementor-element elementor-element-29d0f74 e-flex e-con-boxed e-con e-parent\" data-id=\"29d0f74\" data-element_type=\"container\" data-e-type=\"container\">\n\t\t\t\t\t<div class=\"e-con-inner\">\n\t\t\t\t<div class=\"elementor-element elementor-element-cf4a71e elementor-widget elementor-widget-text-editor\" data-id=\"cf4a71e\" data-element_type=\"widget\" data-e-type=\"widget\" data-widget_type=\"text-editor.default\">\n\t\t\t\t<div class=\"elementor-widget-container\">\n\t\t\t\t\t\t\t\t\t<p style=\"text-align: justify;\"> Esto nos permite conformar equipos m\u00e1s exigentes y preparados para conducir nuestros procesos hacia la modernizaci\u00f3n y la mejora continua. En este marco, la inclusi\u00f3n se entiende como el conjunto de acciones dirigidas a fomentar la incorporaci\u00f3n de personas diversas y a brindarles las condiciones para su eficiente desempe\u00f1o como parte de equipos competentes, colaborativos y comprometidos. Nuestra Pol\u00edtica determina la globalidad de las acciones orientadas a avanzar en materia de no discriminaci\u00f3n y de valoraci\u00f3n de la diversidad, desarrolladas en el marco de todas las operaciones de Triconos Mineros.\n\nCon el fin de alcanzar dicho objetivo definimos los siguientes compromisos:<\/p>\n<ol style=\"text-align: justify;\">\n \t<li>Actuar con equidad de criterios respecto de hombres y mujeres, sin distinciones de sexo, edad, condici\u00f3n social, religi\u00f3n, orientaci\u00f3n sexual, raza, color, estado civil, sindicalizaci\u00f3n, opini\u00f3n pol\u00edtica, discapacidad, nacionalidad, grupo \u00e9tnico o cualquier otra condici\u00f3n que refleje alg\u00fan sesgo de discriminaci\u00f3n o que afecte los derechos fundamentales de las personas.<\/li>\n<\/ol>\n<ol start=\"2\" style=\"text-align: justify;\">\n \t<li>Fomentar la equidad de oportunidades, valorando y evaluando a las personas por la calidad de su trabajo.<\/li>\n<\/ol>\n<ol start=\"3\" style=\"text-align: justify;\">\n \t<li>Dise\u00f1ar e implementar procesos de gesti\u00f3n de las personas, velando por la exclusi\u00f3n de cualquier barrera que obstaculice su adecuada incorporaci\u00f3n y desempe\u00f1o al interior de nuestros equipos.<\/li>\n<\/ol>\n<ol start=\"4\" style=\"text-align: justify;\">\n \t<li>Emprender acciones para favorecer la inclusi\u00f3n de grupos con caracter\u00edsticas protegidas, comprometi\u00e9ndonos a adaptar nuestros puestos de trabajo a las necesidades espec\u00edficas, siguiendo los est\u00e1ndares requeridos, para incorporar gradualmente a personas que cuenten con la preparaci\u00f3n para desempe\u00f1arse en nuestra organizaci\u00f3n.<\/li>\n \t<li style=\"text-align: justify;\">Promover una cultura interna de Diversidad e Inclusi\u00f3n, rechazando los actos discriminatorios y favoreciendo la aceptaci\u00f3n y trato respetuoso al interior de nuestros equipos.<\/li>\n<\/ol>\nTriconos Mineros por sobre todo respeta la dignidad de todas las personas y tenemos un alto compromiso con lograr la inclusi\u00f3n total de cada una de ellas. \t\t\t\t\t\t\t\t<\/div>\n\t\t\t\t<\/div>\n\t\t\t\t\t<\/div>\n\t\t\t\t<\/div>\n\t\t<div class=\"elementor-element elementor-element-5ec78b2 e-flex e-con-boxed e-con e-parent\" data-id=\"5ec78b2\" data-element_type=\"container\" data-e-type=\"container\">\n\t\t\t\t\t<div class=\"e-con-inner\">\n\t\t\t\t<div class=\"elementor-element elementor-element-5dc02cf elementor-widget elementor-widget-spacer\" data-id=\"5dc02cf\" data-element_type=\"widget\" data-e-type=\"widget\" data-widget_type=\"spacer.default\">\n\t\t\t\t<div class=\"elementor-widget-container\">\n\t\t\t\t\t\t\t<div class=\"elementor-spacer\">\n\t\t\t<div class=\"elementor-spacer-inner\"><\/div>\n\t\t<\/div>\n\t\t\t\t\t\t<\/div>\n\t\t\t\t<\/div>\n\t\t\t\t\t<\/div>\n\t\t\t\t<\/div>\n\t\t\t\t<\/div>\n\t\t","protected":false},"excerpt":{"rendered":"<p>POL\u00cdTICA DE INCLUSI\u00d3N TOTAL TRICONOS MINEROS SA. En Triconos Mineros SA, asumimos la responsabilidad de aportar a la sostenibilidad las [&hellip;]<\/p>\n","protected":false},"author":1,"featured_media":0,"parent":0,"menu_order":0,"comment_status":"closed","ping_status":"closed","template":"","meta":{"nf_dc_page":"","site-sidebar-layout":"no-sidebar","site-content-layout":"","ast-site-content-layout":"full-width-container","site-content-style":"default","site-sidebar-style":"default","ast-global-header-display":"","ast-banner-title-visibility":"","ast-main-header-display":"","ast-hfb-above-header-display":"","ast-hfb-below-header-display":"","ast-hfb-mobile-header-display":"","site-post-title":"disabled","ast-breadcrumbs-content":"","ast-featured-img":"disabled","footer-sml-layout":"","ast-disable-related-posts":"","theme-transparent-header-meta":"","adv-header-id-meta":"","stick-header-meta":"","header-above-stick-meta":"","header-main-stick-meta":"","header-below-stick-meta":"","astra-migrate-meta-layouts":"default","ast-page-background-enabled":"default","ast-page-background-meta":{"desktop":{"background-color":"var(--ast-global-color-4)","background-image":"","background-repeat":"repeat","background-position":"center center","background-size":"auto","background-attachment":"scroll","background-type":"","background-media":"","overlay-type":"","overlay-color":"","overlay-opacity":"","overlay-gradient":""},"tablet":{"background-color":"","background-image":"","background-repeat":"repeat","background-position":"center center","background-size":"auto","background-attachment":"scroll","background-type":"","background-media":"","overlay-type":"","overlay-color":"","overlay-opacity":"","overlay-gradient":""},"mobile":{"background-color":"","background-image":"","background-repeat":"repeat","background-position":"center center","background-size":"auto","background-attachment":"scroll","background-type":"","background-media":"","overlay-type":"","overlay-color":"","overlay-opacity":"","overlay-gradient":""}},"ast-content-background-meta":{"desktop":{"background-color":"var(--ast-global-color-5)","background-image":"","background-repeat":"repeat","background-position":"center center","background-size":"auto","background-attachment":"scroll","background-type":"","background-media":"","overlay-type":"","overlay-color":"","overlay-opacity":"","overlay-gradient":""},"tablet":{"background-color":"var(--ast-global-color-5)","background-image":"","background-repeat":"repeat","background-position":"center center","background-size":"auto","background-attachment":"scroll","background-type":"","background-media":"","overlay-type":"","overlay-color":"","overlay-opacity":"","overlay-gradient":""},"mobile":{"background-color":"var(--ast-global-color-5)","background-image":"","background-repeat":"repeat","background-position":"center center","background-size":"auto","background-attachment":"scroll","background-type":"","background-media":"","overlay-type":"","overlay-color":"","overlay-opacity":"","overlay-gradient":""}},"footnotes":""},"class_list":["post-547","page","type-page","status-publish","hentry"],"rttpg_featured_image_url":null,"rttpg_author":{"display_name":"bowiecl","author_link":"https:\/\/bowie.cl\/triconosmineros\/author\/bowiecl\/"},"rttpg_comment":0,"rttpg_category":null,"rttpg_excerpt":"POL\u00cdTICA DE INCLUSI\u00d3N TOTAL TRICONOS MINEROS SA. En Triconos Mineros SA, asumimos la responsabilidad de aportar a la sostenibilidad las [&hellip;]","_links":{"self":[{"href":"https:\/\/bowie.cl\/triconosmineros\/wp-json\/wp\/v2\/pages\/547","targetHints":{"allow":["GET"]}}],"collection":[{"href":"https:\/\/bowie.cl\/triconosmineros\/wp-json\/wp\/v2\/pages"}],"about":[{"href":"https:\/\/bowie.cl\/triconosmineros\/wp-json\/wp\/v2\/types\/page"}],"author":[{"embeddable":true,"href":"https:\/\/bowie.cl\/triconosmineros\/wp-json\/wp\/v2\/users\/1"}],"replies":[{"embeddable":true,"href":"https:\/\/bowie.cl\/triconosmineros\/wp-json\/wp\/v2\/comments?post=547"}],"version-history":[{"count":5,"href":"https:\/\/bowie.cl\/triconosmineros\/wp-json\/wp\/v2\/pages\/547\/revisions"}],"predecessor-version":[{"id":1222,"href":"https:\/\/bowie.cl\/triconosmineros\/wp-json\/wp\/v2\/pages\/547\/revisions\/1222"}],"wp:attachment":[{"href":"https:\/\/bowie.cl\/triconosmineros\/wp-json\/wp\/v2\/media?parent=547"}],"curies":[{"name":"wp","href":"https:\/\/api.w.org\/{rel}","templated":true}]}}