{"id":612,"date":"2016-08-19T13:13:48","date_gmt":"2016-08-19T10:13:48","guid":{"rendered":"http:\/\/smartyschool.stylemixthemes.com\/?page_id=612"},"modified":"2018-09-05T22:24:03","modified_gmt":"2018-09-05T22:24:03","slug":"que-es-reduca","status":"publish","type":"page","link":"https:\/\/bowie.cl\/reduca\/que-es-reduca\/","title":{"rendered":"\u00bfQu\u00e9 es Reduca?"},"content":{"rendered":"<div class=\"wpb-content-wrapper\">[vc_row][vc_column width=\u00bb1\/2&#8243;][vc_single_image image=\u00bb2813&#8243; img_size=\u00bb1000*540&#8243;][\/vc_column][vc_column width=\u00bb1\/2&#8243;][stm_title title_tag=\u00bbdiv\u00bb title_color=\u00bbcustom\u00bb sep_color=\u00bbcustom\u00bb page_title_enable=\u00bbtrue\u00bb sep_enable=\u00bbtrue\u00bb title_color_custom=\u00bb#715b8e\u00bb title_font_size=\u00bb36px\u00bb title_line_height=\u00bb54px\u00bb title_margin_b=\u00bb21px\u00bb sep_color_custom=\u00bb#57bcdf\u00bb sep_line_width=\u00bb100%\u00bb title_margin_t=\u00bb-10px\u00bb][\/stm_title][vc_column_text css=\u00bb.vc_custom_1535656932393{margin-bottom: 50px !important;}\u00bb el_class=\u00bbletratexto\u00bb]\n<div class=\"gmail_quote\">\n<div dir=\"ltr\">\n<p class=\"m_3050890780704083155m_-8556368975168695284gmail-p1\"><span style=\"font-size: 16px;\">Es una Red Educacional conformada por 15 colegios pertenecientes a la Corporaci\u00f3n Municipal de Pe\u00f1alol\u00e9n que tiene como prioridad trabajar d\u00eda a d\u00eda en mejorar la calidad de la educaci\u00f3n p\u00fablica de la comuna haci\u00e9ndonos cargo de la vocaci\u00f3n de los estudiantes, generarles oportunidades de desarrollo integral para todos e integrando los colegios a las distintas comunidades de Pe\u00f1alol\u00e9n.<\/span><\/p>\n<\/div>\n<div class=\"adL\"><\/div>\n<\/div>\n<p><span style=\"display: block; letter-spacing: -0.20px; line-height: 30px; font-family: 'Work Sans', sans-serif; font-size: 15px; color: #595959;\">\u00a0<\/span>[\/vc_column_text][\/vc_column][\/vc_row][vc_row][vc_column][stm_title title_tag=\u00bbdiv\u00bb title_color=\u00bbcustom\u00bb sep_color=\u00bbcustom\u00bb sep_enable=\u00bbtrue\u00bb title_color_custom=\u00bb#715b8e\u00bb title_font_size=\u00bb36px\u00bb title_line_height=\u00bb54px\u00bb title_margin_b=\u00bb21px\u00bb sep_color_custom=\u00bb#57bcdf\u00bb sep_line_width=\u00bb325px\u00bb title_margin_t=\u00bb-10px\u00bb title=\u00bbMisi\u00f3n Institucional\u00bb][\/stm_title][vc_column_text]\n<p style=\"text-align: justify;\">Nuestra misi\u00f3n y prop\u00f3sito se lleva a cabo a trav\u00e9s de una planificaci\u00f3n anualdeclarada en el Plan Anual de Educaci\u00f3n Municipal (PADEM). Para el a\u00f1o 2018, el Plan ha tenido como base tres procesos de diversa naturaleza:<\/p>\n<p>1.) El primero de ellos ha sido la idea del reordenamiento territorial de la educaci\u00f3n p\u00fablica en Pe\u00f1alol\u00e9n, que ha buscado potenciar la oferta educativa de la comuna desde la idea de su ampliaci\u00f3n y fortalecimiento. Esto ha implicado que dos colegios b\u00e1sicos de REDUCA hoy ofrecen ense\u00f1anza media, posibilitando as\u00ed a las familias una trayectoria completa de estudios escolares para sus hijos, desde pre-k\u00ednder a 4\u00b0 medio. Asimismo, ha significado extender la oferta de educaci\u00f3n especial, que por primera vez entrega educaci\u00f3n de adultos para personas entre 26 y 40 a\u00f1os que buscan insertarse en puestos laborales que promueven la inclusi\u00f3n de personas con capacidades diferentes. Este es un camino iniciado que esperamos se extienda al menos por los siguientes 3 a\u00f1os.<\/p>\n<p>2.) El segundo proceso ha sido el poner al centro de nuestra acci\u00f3n el aprendizaje de nuestros estudiantes, lo que ha implicado buscar nuevas estrategias para la mejora de los resultados educativos y muy especialmente para abrir nuevas oportunidades a nuestros estudiantes que les permitan enfrentar su vida con la posibilidad de construirla como ellos quieran.<\/p>\n<p>3.) El tercer proceso se relaciona con la forma c\u00f3mo se ha gestado el PADEM buscando levantar propuestas y compromisos desde los diversos actores del sistema educativo, donde apoderados, estudiantes, gremios de los asistentes de la educaci\u00f3n y de los docentes y las comunidades educativas de los 15 colegios han plasmado sus proyecciones y propuestas.<\/p>\n<p style=\"text-align: justify;\">Puedes revisar el destalle completo de nuestros PADEM en el siguiente link:<br \/>\n<strong><a href=\"https:\/\/www.cormup.cl\/educacion\/padem\/\">https:\/\/www.cormup.cl\/educacion\/padem\/<\/a><\/strong><\/p>\n[\/vc_column_text][\/vc_column][\/vc_row][vc_row css=\u00bb.vc_custom_1535659058875{margin-top: -10px !important;}\u00bb][vc_column][stm_title title_tag=\u00bbdiv\u00bb title_align=\u00bbcenter\u00bb title_color=\u00bbcustom\u00bb sep_color=\u00bbcustom\u00bb sep_enable=\u00bbtrue\u00bb title_color_custom=\u00bb#715b8e\u00bb title_font_size=\u00bb36px\u00bb title_line_height=\u00bb54px\u00bb title_margin_b=\u00bb21px\u00bb sep_color_custom=\u00bb#57bcdf\u00bb title=\u00bbProp\u00f3sitos\u00bb title_margin_t=\u00bb-10px\u00bb][\/stm_title][\/vc_column][\/vc_row][vc_row][vc_column width=\u00bb1\/3&#8243;][vc_column_text css=\u00bb.vc_custom_1535658440640{padding-top: 30px !important;padding-right: 30px !important;padding-bottom: 30px !important;padding-left: 30px !important;background-color: #715b8e !important;}\u00bb]<img loading=\"lazy\" decoding=\"async\" class=\"size-full wp-image-2818 aligncenter\" src=\"https:\/\/bowie.cl\/reduca\/wp-content\/uploads\/2018\/08\/books-stack.png\" alt=\"\" width=\"128\" height=\"128\" srcset=\"https:\/\/bowie.cl\/reduca\/wp-content\/uploads\/2018\/08\/books-stack.png 128w, https:\/\/bowie.cl\/reduca\/wp-content\/uploads\/2018\/08\/books-stack-100x100.png 100w\" sizes=\"auto, (max-width: 128px) 100vw, 128px\" \/><\/p>\n<p><span style=\"color: #ffffff;\">Establecer el derecho social a la educaci\u00f3n para todos y todas, con un car\u00e1cter inclusivo que acoja a las personas independiente de su raza, nacionalidad, origen o capacidad. Buscamos potenciar un desarrollo integral de la persona para entregarles herramientas intelectuales y t\u00e9cnicas que le abran un abanico de oportunidades para aportar a la sociedad de manera activa y responsable mejorando as\u00ed sus expectativas de futuro.<\/span>[\/vc_column_text][\/vc_column][vc_column width=\u00bb1\/3&#8243;][vc_column_text css=\u00bb.vc_custom_1535666101023{padding-top: 30px !important;padding-right: 30px !important;padding-bottom: 210px !important;padding-left: 30px !important;background-color: #d11718 !important;}\u00bb]<span style=\"color: #ffffff;\"><img loading=\"lazy\" decoding=\"async\" class=\"size-full wp-image-2819 aligncenter\" src=\"https:\/\/bowie.cl\/reduca\/wp-content\/uploads\/2018\/08\/education-certificate.png\" alt=\"\" width=\"128\" height=\"128\" srcset=\"https:\/\/bowie.cl\/reduca\/wp-content\/uploads\/2018\/08\/education-certificate.png 128w, https:\/\/bowie.cl\/reduca\/wp-content\/uploads\/2018\/08\/education-certificate-100x100.png 100w\" sizes=\"auto, (max-width: 128px) 100vw, 128px\" \/><\/span><\/p>\n<p><span style=\"color: #ffffff;\">Mejorar la calidad de la educaci\u00f3n p\u00fablica haci\u00e9ndose cargo de atender las distintas necesidades e intereses de todos los ni\u00f1os, j\u00f3venes y adultos con vocaci\u00f3n Cient\u00edfico, Humanista y T\u00e9cnico Profesional.<\/span>[\/vc_column_text][\/vc_column][vc_column width=\u00bb1\/3&#8243;][vc_column_text css=\u00bb.vc_custom_1536073354317{padding-top: 30px !important;padding-right: 30px !important;padding-bottom: 90px !important;padding-left: 30px !important;background-color: #7ab2c4 !important;}\u00bb]<span style=\"color: #ffffff;\"><img loading=\"lazy\" decoding=\"async\" class=\"size-full wp-image-2820 aligncenter\" src=\"https:\/\/bowie.cl\/reduca\/wp-content\/uploads\/2018\/08\/class-with-students-and-whiteboard.png\" alt=\"\" width=\"128\" height=\"128\" srcset=\"https:\/\/bowie.cl\/reduca\/wp-content\/uploads\/2018\/08\/class-with-students-and-whiteboard.png 128w, https:\/\/bowie.cl\/reduca\/wp-content\/uploads\/2018\/08\/class-with-students-and-whiteboard-100x100.png 100w\" sizes=\"auto, (max-width: 128px) 100vw, 128px\" \/><\/span><\/p>\n<p><span style=\"color: #ffffff;\">Abrir escuelas a la comunidad promoviendo la integraci\u00f3n de los establecimientos a la vida cotidiana de su entorno inmediato y de la comuna. Incentivamos la participaci\u00f3n de los padres, familiares, vecinos y docentes tanto en el proceso educativo como de convivencia logrando as\u00ed una sinergia de crecimiento en conjunto mayor al crecimiento individual de la persona.<\/span>[\/vc_column_text][\/vc_column][\/vc_row][vc_row full_width=\u00bbstretch_row\u00bb css=\u00bb.vc_custom_1535383741694{padding-top: 30px !important;padding-bottom: 30px !important;background-color: #ffffff !important;}\u00bb][vc_column][vc_row_inner][vc_column_inner width=\u00bb1\/4&#8243;][stm_stats text_alignment=\u00bbcenter\u00bb value=\u00bb8750&#8243; title=\u00bbAlumnos\u00bb value_color=\u00bb#000000&#8243; value_font_size=\u00bb50px\u00bb title_color=\u00bb#000000&#8243; title_font_size=\u00bb16px\u00bb desc_color=\u00bb#000000&#8243;][\/vc_column_inner][vc_column_inner width=\u00bb1\/4&#8243;][stm_stats text_alignment=\u00bbcenter\u00bb value=\u00bb450&#8243; title=\u00bbProfesores\u00bb value_color=\u00bb#000000&#8243; value_font_size=\u00bb50px\u00bb title_color=\u00bb#000000&#8243; title_font_size=\u00bb16px\u00bb desc_color=\u00bb#000000&#8243;][\/vc_column_inner][vc_column_inner width=\u00bb1\/4&#8243;][stm_stats text_alignment=\u00bbcenter\u00bb value=\u00bb120&#8243; title=\u00bbCursos\u00bb value_color=\u00bb#000000&#8243; value_font_size=\u00bb50px\u00bb title_color=\u00bb#000000&#8243; title_font_size=\u00bb16px\u00bb desc_color=\u00bb#000000&#8243;][\/vc_column_inner][vc_column_inner width=\u00bb1\/4&#8243;][stm_stats text_alignment=\u00bbcenter\u00bb value=\u00bb15&#8243; title=\u00bbColegios\u00bb value_color=\u00bb#000000&#8243; value_font_size=\u00bb50px\u00bb title_color=\u00bb#000000&#8243; title_font_size=\u00bb16px\u00bb desc_color=\u00bb#000000&#8243;][\/vc_column_inner][\/vc_row_inner][\/vc_column][\/vc_row]\n<\/div>","protected":false},"excerpt":{"rendered":"<p>[vc_row][vc_column width=\u00bb1\/2&#8243;][vc_single_image image=\u00bb2813&#8243; img_size=\u00bb1000*540&#8243;][\/vc_column][vc_column width=\u00bb1\/2&#8243;][stm_title title_tag=\u00bbdiv\u00bb title_color=\u00bbcustom\u00bb sep_color=\u00bbcustom\u00bb page_title_enable=\u00bbtrue\u00bb sep_enable=\u00bbtrue\u00bb title_color_custom=\u00bb#715b8e\u00bb title_font_size=\u00bb36px\u00bb title_line_height=\u00bb54px\u00bb title_margin_b=\u00bb21px\u00bb sep_color_custom=\u00bb#57bcdf\u00bb sep_line_width=\u00bb100%\u00bb title_margin_t=\u00bb-10px\u00bb][\/stm_title][vc_column_text css=\u00bb.vc_custom_1535656932393{margin-bottom: 50px !important;}\u00bb el_class=\u00bbletratexto\u00bb] Es una Red Educacional conformada por 15 colegios pertenecientes a la Corporaci\u00f3n Municipal de Pe\u00f1alol\u00e9n que tiene como prioridad trabajar d\u00eda a d\u00eda en mejorar la calidad de la educaci\u00f3n p\u00fablica de la comuna [&hellip;]<\/p>\n","protected":false},"author":1,"featured_media":0,"parent":0,"menu_order":1,"comment_status":"closed","ping_status":"closed","template":"","meta":{"footnotes":""},"class_list":["post-612","page","type-page","status-publish","hentry"],"_links":{"self":[{"href":"https:\/\/bowie.cl\/reduca\/wp-json\/wp\/v2\/pages\/612","targetHints":{"allow":["GET"]}}],"collection":[{"href":"https:\/\/bowie.cl\/reduca\/wp-json\/wp\/v2\/pages"}],"about":[{"href":"https:\/\/bowie.cl\/reduca\/wp-json\/wp\/v2\/types\/page"}],"author":[{"embeddable":true,"href":"https:\/\/bowie.cl\/reduca\/wp-json\/wp\/v2\/users\/1"}],"replies":[{"embeddable":true,"href":"https:\/\/bowie.cl\/reduca\/wp-json\/wp\/v2\/comments?post=612"}],"version-history":[{"count":25,"href":"https:\/\/bowie.cl\/reduca\/wp-json\/wp\/v2\/pages\/612\/revisions"}],"predecessor-version":[{"id":2904,"href":"https:\/\/bowie.cl\/reduca\/wp-json\/wp\/v2\/pages\/612\/revisions\/2904"}],"wp:attachment":[{"href":"https:\/\/bowie.cl\/reduca\/wp-json\/wp\/v2\/media?parent=612"}],"curies":[{"name":"wp","href":"https:\/\/api.w.org\/{rel}","templated":true}]}}