{"id":2298,"date":"2016-07-08T13:54:03","date_gmt":"2016-07-08T10:54:03","guid":{"rendered":"http:\/\/smartyschool.stylemixthemes.com\/?page_id=6"},"modified":"2019-02-20T12:51:28","modified_gmt":"2019-02-20T12:51:28","slug":"home","status":"publish","type":"page","link":"https:\/\/bowie.cl\/reduca\/","title":{"rendered":"Inicio"},"content":{"rendered":"<div class=\"wpb-content-wrapper\">[vc_row css=\u00bb.vc_custom_1471270116615{margin-bottom: 0px !important;}\u00bb][vc_column][rev_slider_vc alias=\u00bbhome_slider\u00bb][\/vc_column][\/vc_row][vc_row css=\u00bb.vc_custom_1471322378628{margin-bottom: 32px !important;}\u00bb][vc_column width=\u00bb1\/4&#8243;][stm_rev_slider_nav title=\u00bbEducaci\u00f3n de Calidad\u00bb slide_number=\u00bb1&#8243;][\/vc_column][vc_column width=\u00bb1\/4&#8243;][stm_rev_slider_nav title=\u00bbEscuelas Abiertas\u00bb slide_number=\u00bb2&#8243; icon=\u00bb\u00bb icon_height=\u00bb\u00bb][\/vc_column][vc_column width=\u00bb1\/4&#8243;][stm_rev_slider_nav slide_number=\u00bb3&#8243; icon=\u00bb\u00bb icon_height=\u00bb\u00bb title=\u00bbDesarrollo Integral\u00bb][\/vc_column][vc_column width=\u00bb1\/4&#8243;][stm_rev_slider_nav title=\u00bbInclusi\u00f3n\u00bb slide_number=\u00bb4&#8243; icon=\u00bb\u00bb icon_height=\u00bb\u00bb][\/vc_column][\/vc_row][vc_row css=\u00bb.vc_custom_1534975335870{margin-top: -38px !important;margin-bottom: 8px !important;padding-top: 40px !important;}\u00bb][vc_column][stm_title title_tag=\u00bbh2&#8243; title_color=\u00bbcustom\u00bb title_more_color=\u00bbcustom\u00bb title_more_sep_color=\u00bbred\u00bb title_font_weight=\u00bb700&#8243; title_more_link_enable=\u00bbtrue\u00bb title_more_link_color=\u00bb\u00bb title=\u00bbNoticias\u00bb title_color_custom=\u00bb#715b8e\u00bb title_font_size=\u00bb40px\u00bb title_more_link=\u00bburl:http%3A%2F%2Fbowie.cl%2Freduca%2F2018%2F08%2F07%2Fhello-world%2F|title:Ver%20todas%20las%20noticias||\u00bb title_more_link_margin_t=\u00bb4px\u00bb title_margin_b=\u00bb43px\u00bb title_margin_t=\u00bb-20px\u00bb title_more_color_custom=\u00bb#d11718&#8243;][\/stm_title][\/vc_column][\/vc_row][vc_row][vc_column width=\u00bb3\/4&#8243; css=\u00bb.vc_custom_1471004146248{margin-bottom: 28px !important;}\u00bb][stm_posts view=\u00bbsmall_grid\u00bb posts_category=\u00bb0&#8243; all_categories=\u00bb\u00bb max_amount=\u00bb4&#8243;][\/vc_column][vc_column width=\u00bb1\/4&#8243;][stm_mailchimp icon=\u00bbtrue\u00bb shortcode=\u00bb`{`mc4wp_form id=\u00ab453\u00ab`}`\u00bb title=\u00bbSuscr\u00edbete\u00bb desc=\u00bb a nuestro bolet\u00edn\u00bb][\/vc_column][\/vc_row][vc_row full_width=\u00bbstretch_row\u00bb parallax=\u00bbcontent-moving-fade\u00bb css=\u00bb.vc_custom_1538404233391{padding-top: 37px !important;padding-bottom: 50px !important;background-color: #7ab3c5 !important;}\u00bb][vc_column][stm_title title_tag=\u00bbh2&#8243; title_color=\u00bbcustom\u00bb title_more_color=\u00bbwhite\u00bb title_more_sep_color=\u00bbwhite\u00bb title_font_weight=\u00bb700&#8243; title_more_link_enable=\u00bbtrue\u00bb title=\u00bbEventos\u00bb title_color_custom=\u00bb#ffffff\u00bb linktoall_enable=\u00bbtrue\u00bb link_content=\u00bb\u00bb title_margin_b=\u00bb43px\u00bb title_more_link=\u00bburl:%23|title:%20Ver%20m%C3%A1s%20eventos||\u00bb title_font_size=\u00bb40px\u00bb title_margin_t=\u00bb-20px\u00bb]<a href=\"#\"><span style=\"color: #fff;\">See more events<\/span><\/a>[\/stm_title][stm_events event_category=\u00bbuniversity-life\u00bb events_count=\u00bb4&#8243;][\/vc_column][\/vc_row][vc_row full_width=\u00bbstretch_row\u00bb css=\u00bb.vc_custom_1534798861449{padding-top: 37px !important;padding-bottom: 60px !important;background-color: #d5d10c !important;}\u00bb][vc_column][stm_title title_tag=\u00bbh2&#8243; title_color=\u00bbcustom\u00bb title_font_weight=\u00bb700&#8243; title=\u00bbMultimedia\u00bb title_color_custom=\u00bb#ffffff\u00bb title_margin_b=\u00bb43px\u00bb title_font_size=\u00bb40px\u00bb title_margin_t=\u00bb-20px\u00bb][\/stm_title][vc_row_inner][vc_column_inner width=\u00bb1\/3&#8243;][vc_raw_html]JTNDZGl2JTIwY2xhc3MlM0QlMjJjb250ZW5lZG9yJTIyJTNFJTBBJTIwJTIwJTA5JTA5JTNDZGl2JTIwY2xhc3MlM0QlMjJyZXByb2R1Y3RvciUyMiUyMGRhdGEtaWQlM0QlMjJnYWdZcnloRHl5NCUyMiUzRSUzQyUyRmRpdiUzRSUwQSUwOSUzQyUyRmRpdiUzRSUwQSUwQSUzQ3NjcmlwdCUzRSUwQSUyOGZ1bmN0aW9uJTI4JTI5JTIwJTdCJTBBJTIwJTIwJTIwJTIwdmFyJTIwdiUyMCUzRCUyMGRvY3VtZW50LmdldEVsZW1lbnRzQnlDbGFzc05hbWUlMjglMjJyZXByb2R1Y3RvciUyMiUyOSUzQiUwQSUyMCUyMCUyMCUyMGZvciUyMCUyOHZhciUyMG4lMjAlM0QlMjAwJTNCJTIwbiUyMCUzQyUyMHYubGVuZ3RoJTNCJTIwbiUyQiUyQiUyOSUyMCU3QiUwQSUyMCUyMCUyMCUyMCUyMCUyMCUyMCUyMHZhciUyMHAlMjAlM0QlMjBkb2N1bWVudC5jcmVhdGVFbGVtZW50JTI4JTIyZGl2JTIyJTI5JTNCJTBBJTIwJTIwJTIwJTIwJTIwJTIwJTIwJTIwcC5pbm5lckhUTUwlMjAlM0QlMjBsYWJub2xUaHVtYiUyOHYlNUJuJTVELmRhdGFzZXQuaWQlMjklM0IlMEElMjAlMjAlMjAlMjAlMjAlMjAlMjAlMjBwLm9uY2xpY2slMjAlM0QlMjBsYWJub2xJZnJhbWUlM0IlMEElMjAlMjAlMjAlMjAlMjAlMjAlMjAlMjB2JTVCbiU1RC5hcHBlbmRDaGlsZCUyOHAlMjklM0IlMEElMjAlMjAlMjAlMjAlN0QlMEElN0QlMjklMjglMjklM0IlMEFmdW5jdGlvbiUyMGxhYm5vbFRodW1iJTI4aWQlMjklMjAlN0IlMEElMjAlMjAlMjAlMjByZXR1cm4lMjAlMjclM0NpbWclMjBjbGFzcyUzRCUyMmltYWdlbi1wcmV2aWElMjIlMjBzcmMlM0QlMjIlMkYlMkZpLnl0aW1nLmNvbSUyRnZpJTJGJTI3JTIwJTJCJTIwaWQlMjAlMkIlMjAlMjclMkZocWRlZmF1bHQuanBnJTIyJTNFJTNDZGl2JTIwY2xhc3MlM0QlMjJ5b3V0dWJlLXBsYXklMjIlM0UlM0MlMkZkaXYlM0UlMjclM0IlMEElN0QlMEFmdW5jdGlvbiUyMGxhYm5vbElmcmFtZSUyOCUyOSUyMCU3QiUwQSUyMCUyMCUyMCUyMHZhciUyMGlmcmFtZSUyMCUzRCUyMGRvY3VtZW50LmNyZWF0ZUVsZW1lbnQlMjglMjJpZnJhbWUlMjIlMjklM0IlMEElMjAlMjAlMjAlMjBpZnJhbWUuc2V0QXR0cmlidXRlJTI4JTIyc3JjJTIyJTJDJTIwJTIyJTJGJTJGd3d3LnlvdXR1YmUuY29tJTJGZW1iZWQlMkYlMjIlMjAlMkIlMjB0aGlzLnBhcmVudE5vZGUuZGF0YXNldC5pZCUyMCUyQiUyMCUyMiUzRmF1dG9wbGF5JTNEMSUyNmF1dG9oaWRlJTNEMiUyNmJvcmRlciUzRDAlMjZ3bW9kZSUzRG9wYXF1ZSUyNmVuYWJsZWpzYXBpJTNEMSUyNmNvbnRyb2xzJTNEMCUyNnNob3dpbmZvJTNEMCUyMiUyOSUzQiUwQSUyMCUyMCUyMCUyMGlmcmFtZS5zZXRBdHRyaWJ1dGUlMjglMjJmcmFtZWJvcmRlciUyMiUyQyUyMCUyMjAlMjIlMjklM0IlMEElMjAlMjAlMjAlMjBpZnJhbWUuc2V0QXR0cmlidXRlJTI4JTIyaWQlMjIlMkMlMjAlMjJ5b3V0dWJlLWlmcmFtZSUyMiUyOSUzQiUwQSUyMCUyMCUyMCUyMHRoaXMucGFyZW50Tm9kZS5yZXBsYWNlQ2hpbGQlMjhpZnJhbWUlMkMlMjB0aGlzJTI5JTNCJTBBJTdEJTBBJTNDJTJGc2NyaXB0JTNF[\/vc_raw_html][\/vc_column_inner][vc_column_inner width=\u00bb1\/3&#8243;][vc_raw_html]JTNDZGl2JTIwY2xhc3MlM0QlMjJjb250ZW5lZG9yJTIyJTNFJTBBJTIwJTIwJTA5JTA5JTNDZGl2JTIwY2xhc3MlM0QlMjJyZXByb2R1Y3RvciUyMiUyMGRhdGEtaWQlM0QlMjJvdXlmNVA2Njk4dyUyMiUzRSUzQyUyRmRpdiUzRSUwQSUwOSUzQyUyRmRpdiUzRSUwQSUwQSUzQ3NjcmlwdCUzRSUwQSUyOGZ1bmN0aW9uJTI4JTI5JTIwJTdCJTBBJTIwJTIwJTIwJTIwdmFyJTIwdiUyMCUzRCUyMGRvY3VtZW50LmdldEVsZW1lbnRzQnlDbGFzc05hbWUlMjglMjJyZXByb2R1Y3RvciUyMiUyOSUzQiUwQSUyMCUyMCUyMCUyMGZvciUyMCUyOHZhciUyMG4lMjAlM0QlMjAwJTNCJTIwbiUyMCUzQyUyMHYubGVuZ3RoJTNCJTIwbiUyQiUyQiUyOSUyMCU3QiUwQSUyMCUyMCUyMCUyMCUyMCUyMCUyMCUyMHZhciUyMHAlMjAlM0QlMjBkb2N1bWVudC5jcmVhdGVFbGVtZW50JTI4JTIyZGl2JTIyJTI5JTNCJTBBJTIwJTIwJTIwJTIwJTIwJTIwJTIwJTIwcC5pbm5lckhUTUwlMjAlM0QlMjBsYWJub2xUaHVtYiUyOHYlNUJuJTVELmRhdGFzZXQuaWQlMjklM0IlMEElMjAlMjAlMjAlMjAlMjAlMjAlMjAlMjBwLm9uY2xpY2slMjAlM0QlMjBsYWJub2xJZnJhbWUlM0IlMEElMjAlMjAlMjAlMjAlMjAlMjAlMjAlMjB2JTVCbiU1RC5hcHBlbmRDaGlsZCUyOHAlMjklM0IlMEElMjAlMjAlMjAlMjAlN0QlMEElN0QlMjklMjglMjklM0IlMEFmdW5jdGlvbiUyMGxhYm5vbFRodW1iJTI4aWQlMjklMjAlN0IlMEElMjAlMjAlMjAlMjByZXR1cm4lMjAlMjclM0NpbWclMjBjbGFzcyUzRCUyMmltYWdlbi1wcmV2aWElMjIlMjBzcmMlM0QlMjIlMkYlMkZpLnl0aW1nLmNvbSUyRnZpJTJGJTI3JTIwJTJCJTIwaWQlMjAlMkIlMjAlMjclMkZocWRlZmF1bHQuanBnJTIyJTNFJTNDZGl2JTIwY2xhc3MlM0QlMjJ5b3V0dWJlLXBsYXklMjIlM0UlM0MlMkZkaXYlM0UlMjclM0IlMEElN0QlMEFmdW5jdGlvbiUyMGxhYm5vbElmcmFtZSUyOCUyOSUyMCU3QiUwQSUyMCUyMCUyMCUyMHZhciUyMGlmcmFtZSUyMCUzRCUyMGRvY3VtZW50LmNyZWF0ZUVsZW1lbnQlMjglMjJpZnJhbWUlMjIlMjklM0IlMEElMjAlMjAlMjAlMjBpZnJhbWUuc2V0QXR0cmlidXRlJTI4JTIyc3JjJTIyJTJDJTIwJTIyJTJGJTJGd3d3LnlvdXR1YmUuY29tJTJGZW1iZWQlMkYlMjIlMjAlMkIlMjB0aGlzLnBhcmVudE5vZGUuZGF0YXNldC5pZCUyMCUyQiUyMCUyMiUzRmF1dG9wbGF5JTNEMSUyNmF1dG9oaWRlJTNEMiUyNmJvcmRlciUzRDAlMjZ3bW9kZSUzRG9wYXF1ZSUyNmVuYWJsZWpzYXBpJTNEMSUyNmNvbnRyb2xzJTNEMCUyNnNob3dpbmZvJTNEMCUyMiUyOSUzQiUwQSUyMCUyMCUyMCUyMGlmcmFtZS5zZXRBdHRyaWJ1dGUlMjglMjJmcmFtZWJvcmRlciUyMiUyQyUyMCUyMjAlMjIlMjklM0IlMEElMjAlMjAlMjAlMjBpZnJhbWUuc2V0QXR0cmlidXRlJTI4JTIyaWQlMjIlMkMlMjAlMjJ5b3V0dWJlLWlmcmFtZSUyMiUyOSUzQiUwQSUyMCUyMCUyMCUyMHRoaXMucGFyZW50Tm9kZS5yZXBsYWNlQ2hpbGQlMjhpZnJhbWUlMkMlMjB0aGlzJTI5JTNCJTBBJTdEJTBBJTNDJTJGc2NyaXB0JTNF[\/vc_raw_html][\/vc_column_inner][vc_column_inner width=\u00bb1\/3&#8243;][vc_raw_html]JTNDZGl2JTIwY2xhc3MlM0QlMjJjb250ZW5lZG9yJTIyJTNFJTBBJTIwJTIwJTA5JTA5JTNDZGl2JTIwY2xhc3MlM0QlMjJyZXByb2R1Y3RvciUyMiUyMGRhdGEtaWQlM0QlMjJ0Sk9MRFRQOS1oZyUyMiUzRSUzQyUyRmRpdiUzRSUwQSUwOSUzQyUyRmRpdiUzRSUwQSUwQSUzQ3NjcmlwdCUzRSUwQSUyOGZ1bmN0aW9uJTI4JTI5JTIwJTdCJTBBJTIwJTIwJTIwJTIwdmFyJTIwdiUyMCUzRCUyMGRvY3VtZW50LmdldEVsZW1lbnRzQnlDbGFzc05hbWUlMjglMjJyZXByb2R1Y3RvciUyMiUyOSUzQiUwQSUyMCUyMCUyMCUyMGZvciUyMCUyOHZhciUyMG4lMjAlM0QlMjAwJTNCJTIwbiUyMCUzQyUyMHYubGVuZ3RoJTNCJTIwbiUyQiUyQiUyOSUyMCU3QiUwQSUyMCUyMCUyMCUyMCUyMCUyMCUyMCUyMHZhciUyMHAlMjAlM0QlMjBkb2N1bWVudC5jcmVhdGVFbGVtZW50JTI4JTIyZGl2JTIyJTI5JTNCJTBBJTIwJTIwJTIwJTIwJTIwJTIwJTIwJTIwcC5pbm5lckhUTUwlMjAlM0QlMjBsYWJub2xUaHVtYiUyOHYlNUJuJTVELmRhdGFzZXQuaWQlMjklM0IlMEElMjAlMjAlMjAlMjAlMjAlMjAlMjAlMjBwLm9uY2xpY2slMjAlM0QlMjBsYWJub2xJZnJhbWUlM0IlMEElMjAlMjAlMjAlMjAlMjAlMjAlMjAlMjB2JTVCbiU1RC5hcHBlbmRDaGlsZCUyOHAlMjklM0IlMEElMjAlMjAlMjAlMjAlN0QlMEElN0QlMjklMjglMjklM0IlMEFmdW5jdGlvbiUyMGxhYm5vbFRodW1iJTI4aWQlMjklMjAlN0IlMEElMjAlMjAlMjAlMjByZXR1cm4lMjAlMjclM0NpbWclMjBjbGFzcyUzRCUyMmltYWdlbi1wcmV2aWElMjIlMjBzcmMlM0QlMjIlMkYlMkZpLnl0aW1nLmNvbSUyRnZpJTJGJTI3JTIwJTJCJTIwaWQlMjAlMkIlMjAlMjclMkZocWRlZmF1bHQuanBnJTIyJTNFJTNDZGl2JTIwY2xhc3MlM0QlMjJ5b3V0dWJlLXBsYXklMjIlM0UlM0MlMkZkaXYlM0UlMjclM0IlMEElN0QlMEFmdW5jdGlvbiUyMGxhYm5vbElmcmFtZSUyOCUyOSUyMCU3QiUwQSUyMCUyMCUyMCUyMHZhciUyMGlmcmFtZSUyMCUzRCUyMGRvY3VtZW50LmNyZWF0ZUVsZW1lbnQlMjglMjJpZnJhbWUlMjIlMjklM0IlMEElMjAlMjAlMjAlMjBpZnJhbWUuc2V0QXR0cmlidXRlJTI4JTIyc3JjJTIyJTJDJTIwJTIyJTJGJTJGd3d3LnlvdXR1YmUuY29tJTJGZW1iZWQlMkYlMjIlMjAlMkIlMjB0aGlzLnBhcmVudE5vZGUuZGF0YXNldC5pZCUyMCUyQiUyMCUyMiUzRmF1dG9wbGF5JTNEMSUyNmF1dG9oaWRlJTNEMiUyNmJvcmRlciUzRDAlMjZ3bW9kZSUzRG9wYXF1ZSUyNmVuYWJsZWpzYXBpJTNEMSUyNmNvbnRyb2xzJTNEMCUyNnNob3dpbmZvJTNEMCUyMiUyOSUzQiUwQSUyMCUyMCUyMCUyMGlmcmFtZS5zZXRBdHRyaWJ1dGUlMjglMjJmcmFtZWJvcmRlciUyMiUyQyUyMCUyMjAlMjIlMjklM0IlMEElMjAlMjAlMjAlMjBpZnJhbWUuc2V0QXR0cmlidXRlJTI4JTIyaWQlMjIlMkMlMjAlMjJ5b3V0dWJlLWlmcmFtZSUyMiUyOSUzQiUwQSUyMCUyMCUyMCUyMHRoaXMucGFyZW50Tm9kZS5yZXBsYWNlQ2hpbGQlMjhpZnJhbWUlMkMlMjB0aGlzJTI5JTNCJTBBJTdEJTBBJTNDJTJGc2NyaXB0JTNF[\/vc_raw_html][\/vc_column_inner][\/vc_row_inner][\/vc_column][\/vc_row][vc_row full_width=\u00bbstretch_row\u00bb css=\u00bb.vc_custom_1534802849583{background-color: #f5f5f5 !important;}\u00bb][vc_column width=\u00bb1\/4&#8243; css=\u00bb.vc_custom_1534808034899{margin-top: 30px !important;margin-bottom: 35px !important;}\u00bb][stm_stats text_alignment=\u00bbcenter\u00bb value=\u00bb8750&#8243; title=\u00bbAlumnos\u00bb title_font_size=\u00bb16px\u00bb desc_font_size=\u00bb14px\u00bb value_color=\u00bb#000000&#8243; title_color=\u00bb#000000&#8243; value_font_size=\u00bb50px\u00bb][\/vc_column][vc_column width=\u00bb1\/4&#8243; css=\u00bb.vc_custom_1534808063725{margin-top: 30px !important;margin-bottom: 35px !important;}\u00bb][stm_stats text_alignment=\u00bbcenter\u00bb value=\u00bb450&#8243; title=\u00bbProfesores\u00bb title_font_size=\u00bb16px\u00bb desc_font_size=\u00bb14px\u00bb value_color=\u00bb#000000&#8243; title_color=\u00bb#000000&#8243; value_font_size=\u00bb50px\u00bb][\/vc_column][vc_column width=\u00bb1\/4&#8243; css=\u00bb.vc_custom_1534808045023{margin-top: 30px !important;margin-bottom: 35px !important;}\u00bb][stm_stats text_alignment=\u00bbcenter\u00bb value=\u00bb120&#8243; title=\u00bbCursos\u00bb title_font_size=\u00bb16px\u00bb desc_font_size=\u00bb14px\u00bb value_color=\u00bb#000000&#8243; title_color=\u00bb#000000&#8243; value_font_size=\u00bb50px\u00bb][\/vc_column][vc_column width=\u00bb1\/4&#8243; css=\u00bb.vc_custom_1534808055304{margin-top: 30px !important;margin-bottom: 35px !important;}\u00bb][stm_stats text_alignment=\u00bbcenter\u00bb value=\u00bb15&#8243; title=\u00bbColegios\u00bb title_font_size=\u00bb16px\u00bb desc_font_size=\u00bb14px\u00bb value_color=\u00bb#000000&#8243; title_color=\u00bb#000000&#8243; desc_color=\u00bb#000000&#8243; value_font_size=\u00bb50px\u00bb][\/vc_column][\/vc_row][vc_row full_width=\u00bbstretch_row\u00bb css=\u00bb.vc_custom_1544045477367{background-color: #6c4a8e !important;}\u00bb][vc_column width=\u00bb2\/3&#8243;][vc_column_text]\n<h4 style=\"text-align: center; color: white;\">Conoce el nuevo Sistema de Admisi\u00f3n Escolar para establecimientos Municipales y Subvencionados que regir\u00e1 desde 2019 en la Regi\u00f3n Metropolitana y en nuestra Comuna.<\/h4>\n[\/vc_column_text][\/vc_column][vc_column width=\u00bb1\/3&#8243;][vc_raw_html]JTNDZGl2JTIwc3R5bGUlM0QlMjJtYXJnaW4tdG9wJTNBJTIwLTIwcHglMjAlMjFpbXBvcnRhbnQlMjIlM0UlM0MlMkZkaXYlM0U=[\/vc_raw_html][stm_btn_simple btn_color=\u00bbwhite\u00bb btn_icon_position=\u00bbright\u00bb btn_alignment=\u00bbcenter\u00bb btn_icon_enable=\u00bbtrue\u00bb btn_link=\u00bburl:https%3A%2F%2Fwww.sistemadeadmisionescolar.cl%2Fcomo-funciona%2F||target:%20_blank|\u00bb btn_link_text=\u00bbLlamado a la Acci\u00f3n \u00ab][\/vc_column][\/vc_row]\n<\/div>","protected":false},"excerpt":{"rendered":"<p>[vc_row css=\u00bb.vc_custom_1471270116615{margin-bottom: 0px !important;}\u00bb][vc_column][rev_slider_vc alias=\u00bbhome_slider\u00bb][\/vc_column][\/vc_row][vc_row css=\u00bb.vc_custom_1471322378628{margin-bottom: 32px !important;}\u00bb][vc_column width=\u00bb1\/4&#8243;][stm_rev_slider_nav title=\u00bbEducaci\u00f3n de Calidad\u00bb slide_number=\u00bb1&#8243;][\/vc_column][vc_column width=\u00bb1\/4&#8243;][stm_rev_slider_nav title=\u00bbEscuelas Abiertas\u00bb slide_number=\u00bb2&#8243; icon=\u00bb\u00bb icon_height=\u00bb\u00bb][\/vc_column][vc_column width=\u00bb1\/4&#8243;][stm_rev_slider_nav slide_number=\u00bb3&#8243; icon=\u00bb\u00bb icon_height=\u00bb\u00bb title=\u00bbDesarrollo Integral\u00bb][\/vc_column][vc_column width=\u00bb1\/4&#8243;][stm_rev_slider_nav title=\u00bbInclusi\u00f3n\u00bb slide_number=\u00bb4&#8243; icon=\u00bb\u00bb icon_height=\u00bb\u00bb][\/vc_column][\/vc_row][vc_row css=\u00bb.vc_custom_1534975335870{margin-top: -38px !important;margin-bottom: 8px !important;padding-top: 40px !important;}\u00bb][vc_column][stm_title title_tag=\u00bbh2&#8243; title_color=\u00bbcustom\u00bb title_more_color=\u00bbcustom\u00bb title_more_sep_color=\u00bbred\u00bb title_font_weight=\u00bb700&#8243; title_more_link_enable=\u00bbtrue\u00bb title_more_link_color=\u00bb\u00bb title=\u00bbNoticias\u00bb title_color_custom=\u00bb#715b8e\u00bb title_font_size=\u00bb40px\u00bb title_more_link=\u00bburl:http%3A%2F%2Fbowie.cl%2Freduca%2F2018%2F08%2F07%2Fhello-world%2F|title:Ver%20todas%20las%20noticias||\u00bb title_more_link_margin_t=\u00bb4px\u00bb title_margin_b=\u00bb43px\u00bb title_margin_t=\u00bb-20px\u00bb title_more_color_custom=\u00bb#d11718&#8243;][\/stm_title][\/vc_column][\/vc_row][vc_row][vc_column width=\u00bb3\/4&#8243; css=\u00bb.vc_custom_1471004146248{margin-bottom: 28px [&hellip;]<\/p>\n","protected":false},"author":1,"featured_media":0,"parent":0,"menu_order":0,"comment_status":"closed","ping_status":"closed","template":"","meta":{"footnotes":""},"class_list":["post-2298","page","type-page","status-publish","hentry"],"_links":{"self":[{"href":"https:\/\/bowie.cl\/reduca\/wp-json\/wp\/v2\/pages\/2298","targetHints":{"allow":["GET"]}}],"collection":[{"href":"https:\/\/bowie.cl\/reduca\/wp-json\/wp\/v2\/pages"}],"about":[{"href":"https:\/\/bowie.cl\/reduca\/wp-json\/wp\/v2\/types\/page"}],"author":[{"embeddable":true,"href":"https:\/\/bowie.cl\/reduca\/wp-json\/wp\/v2\/users\/1"}],"replies":[{"embeddable":true,"href":"https:\/\/bowie.cl\/reduca\/wp-json\/wp\/v2\/comments?post=2298"}],"version-history":[{"count":33,"href":"https:\/\/bowie.cl\/reduca\/wp-json\/wp\/v2\/pages\/2298\/revisions"}],"predecessor-version":[{"id":3247,"href":"https:\/\/bowie.cl\/reduca\/wp-json\/wp\/v2\/pages\/2298\/revisions\/3247"}],"wp:attachment":[{"href":"https:\/\/bowie.cl\/reduca\/wp-json\/wp\/v2\/media?parent=2298"}],"curies":[{"name":"wp","href":"https:\/\/api.w.org\/{rel}","templated":true}]}}