{"id":1762,"date":"2016-09-05T13:57:26","date_gmt":"2016-09-05T10:57:26","guid":{"rendered":"http:\/\/smartyschool.stylemixthemes.com\/?page_id=1762"},"modified":"2018-09-03T22:26:29","modified_gmt":"2018-09-03T22:26:29","slug":"beneficios-reduca","status":"publish","type":"page","link":"https:\/\/bowie.cl\/reduca\/beneficios-reduca\/","title":{"rendered":"Beneficios REDUCA"},"content":{"rendered":"<div class=\"wpb-content-wrapper\">[vc_row][vc_column][stm_title title_tag=\u00bbdiv\u00bb title_color=\u00bbcustom\u00bb sep_color=\u00bbcustom\u00bb page_title_enable=\u00bbtrue\u00bb sep_enable=\u00bbtrue\u00bb sep_color_custom=\u00bb#7ab2c4&#8243; sep_line_width=\u00bb325px\u00bb title_color_custom=\u00bb#715b8e\u00bb title_font_size=\u00bb36px\u00bb][\/stm_title][\/vc_column][\/vc_row][vc_row][vc_column width=\u00bb1\/2&#8243; css=\u00bb.vc_custom_1535562773841{background-color: #52abbc !important;}\u00bb][vc_column_text css=\u00bb.vc_custom_1535567239319{margin-bottom: 10px !important;}\u00bb]<span style=\"font-size: 17pt; color: #ffffff;\">Convivencia escolar y desarrollo<\/span><br \/>\n<span style=\"font-size: 17pt; color: #ffffff;\">socioemocional del estudiante<\/span>[\/vc_column_text][vc_column_text el_class=\u00bbcaja_datos\u00bb css=\u00bb.vc_custom_1535590299654{padding-top: 10px !important;}\u00bb]<span style=\"color: #ffffff;\">Desarrolla apoyo a la parentalidad a madres, padres y cuidadores a trav\u00e9s del modelo de Triple P que tiene por Objetivo: prevenir y tratar problemas de comportamiento, emocionales y sociales de ni\u00f1os, ni\u00f1as y adolescentes, a trav\u00e9s del fortalecimiento del conocimiento, habilidades y confianza personal de sus padres, madres y cuidadores.<\/span>[\/vc_column_text][\/vc_column][vc_column width=\u00bb1\/2&#8243;][vc_single_image image=\u00bb2773&#8243; img_size=\u00bb500&#215;305&#8243; alignment=\u00bbright\u00bb][\/vc_column][\/vc_row][vc_row][vc_column width=\u00bb1\/2&#8243;][vc_single_image image=\u00bb2783&#8243; img_size=\u00bb500&#215;305&#8243;][\/vc_column][vc_column width=\u00bb1\/2&#8243; el_class=\u00bbcaja_datos2&#8243; css=\u00bb.vc_custom_1535567774091{background-color: #715b8e !important;}\u00bb][vc_column_text css=\u00bb.vc_custom_1535584987911{margin-bottom: 10px !important;}\u00bb]<span style=\"font-size: 17pt; color: #ffffff;\">Apoyo a la parentalidad positiva (triple p)<\/span>[\/vc_column_text][vc_column_text el_class=\u00bbcaja_datos2&#8243; css=\u00bb.vc_custom_1535581393117{padding-top: 10px !important;padding-bottom: 28px !important;}\u00bb]<span style=\"color: #ffffff;\">Desarrolla apoyo a la parentalidad a madres, padres y cuidadores a trav\u00e9s del modelo de Triple P que tiene por Objetivo: prevenir y tratar problemas de comportamiento, emocionales y sociales de ni\u00f1os, ni\u00f1as y adolescentes, a trav\u00e9s del fortalecimiento del conocimiento, habilidades y confianza personal de sus padres, madres y cuidadores.<\/span>[\/vc_column_text][\/vc_column][\/vc_row][vc_row][vc_column width=\u00bb1\/2&#8243; css=\u00bb.vc_custom_1535570141982{background-color: #52abbc !important;}\u00bb][vc_column_text css=\u00bb.vc_custom_1535570318862{margin-bottom: 10px !important;}\u00bb]<span style=\"font-size: 17pt; color: #ffffff;\">Reinserci\u00f3n educativa<\/span><br \/>\n<span style=\"font-size: 17pt; color: #ffffff;\">(pde, reuni\u00f3n de hermanos, alicura)<\/span>[\/vc_column_text][vc_column_text css=\u00bb.vc_custom_1535581607931{padding-top: 10px !important;padding-bottom: 28px !important;}\u00bb el_class=\u00bbcaja_datos\u00bb]<span style=\"color: #ffffff;\">Desarrollar capacidades institucionales en Reduca para fortalecer los proyectos que se enfocan en el abordaje de las Trayectorias Educativas y que trabaja por la restituci\u00f3n del derecho a la educaci\u00f3n de los ni\u00f1os\/as, adolescentes y j\u00f3venes que est\u00e1n fuera del sistema escolar \u00f3 en riesgo de deserci\u00f3n.<\/span>[\/vc_column_text][\/vc_column][vc_column width=\u00bb1\/2&#8243;][vc_single_image image=\u00bb2784&#8243; img_size=\u00bb500&#215;305&#8243; alignment=\u00bbright\u00bb][\/vc_column][\/vc_row][vc_row][vc_column width=\u00bb1\/2&#8243;][vc_single_image image=\u00bb2785&#8243; img_size=\u00bb500&#215;305&#8243;][\/vc_column][vc_column width=\u00bb1\/2&#8243; css=\u00bb.vc_custom_1535570707743{background-color: #715b8e !important;}\u00bb][vc_column_text css=\u00bb.vc_custom_1535570813700{margin-bottom: 10px !important;}\u00bb]<span style=\"font-size: 17pt; color: #ffffff;\">After school<\/span><br \/>\n<span style=\"font-size: 17pt; color: #ffffff;\">(programa de 4 a 7, despu\u00e9s de clases)<\/span>[\/vc_column_text][vc_column_text css=\u00bb.vc_custom_1535581797217{padding-top: 10px !important;padding-bottom: 28px !important;}\u00bb el_class=\u00bbcaja_datos2&#8243;]\n<p style=\"text-align: justify;\"><span style=\"color: #ffffff;\">Generar espacios formativos, recreativos y de cuidado, para ni\u00f1os y ni\u00f1as entre 6 a 12 a\u00f1os de edad (1\u00b0 b\u00e1sico a 8\u00b0 b\u00e1sico), despu\u00e9s del horario de clases y durante el periodo de vacaciones de invierno, en los\u00a0 establecimientos municipales de la comuna de Pe\u00f1alol\u00e9n.<\/span><\/p>\n[\/vc_column_text][\/vc_column][\/vc_row][vc_row][vc_column width=\u00bb1\/2&#8243; css=\u00bb.vc_custom_1535571525833{background-color: #52abbc !important;}\u00bb][vc_column_text css=\u00bb.vc_custom_1535571350527{margin-bottom: 10px !important;}\u00bb]<span style=\"font-size: 17pt; color: #ffffff;\">Educaci\u00f3n parvularia<\/span>[\/vc_column_text][vc_column_text el_class=\u00bbcaja_datos\u00bb css=\u00bb.vc_custom_1535590387602{padding-top: 10px !important;padding-bottom: 60px !important;}\u00bb]<span style=\"color: #ffffff;\">Coordinar, gestionar, asesorar y proveer herramientas t\u00e9cnicas-pedag\u00f3gicas con el fin de habilitar los aprendizajes necesarios en los ni\u00f1os y ni\u00f1as de nuestra comuna, a trav\u00e9s de una promoci\u00f3n y ejercicio constante del enfoque de derecho e inclusi\u00f3n.<\/span>[\/vc_column_text][\/vc_column][vc_column width=\u00bb1\/2&#8243;][vc_single_image image=\u00bb2786&#8243; img_size=\u00bb500&#215;305&#8243; alignment=\u00bbright\u00bb][\/vc_column][\/vc_row][vc_row][vc_column width=\u00bb1\/2&#8243;][vc_single_image image=\u00bb2788&#8243; img_size=\u00bb500&#215;305&#8243;][\/vc_column][vc_column width=\u00bb1\/2&#8243; css=\u00bb.vc_custom_1535571613672{background-color: #715b8e !important;}\u00bb][vc_column_text css=\u00bb.vc_custom_1535571591133{margin-bottom: 10px !important;}\u00bb]<span style=\"font-size: 17pt; color: #ffffff;\">Programa de talento<\/span>[\/vc_column_text][vc_column_text el_class=\u00bbcaja_datos2&#8243; css=\u00bb.vc_custom_1535581955839{padding-top: 10px !important;}\u00bb]<span style=\"color: #ffffff;\">El Programa Talento Acad\u00e9mico de Pe\u00f1alol\u00e9n es una propuesta comunal que tiene como objetivo identificar estudiantes con altas capacidades cognitivas en las escuelas municipales de Pe\u00f1alol\u00e9n, para un programa educativo que les permita avanzar en el desarrollo de sus potencialidades acad\u00e9micas, a trav\u00e9s de experiencias de aprendizaje significativas que les ayuden a desarrollar y fomentar el pensamiento creativo, cr\u00edtico y propositivo.<\/span>[\/vc_column_text][\/vc_column][\/vc_row][vc_row][vc_column width=\u00bb1\/2&#8243; css=\u00bb.vc_custom_1535572311013{background-color: #52abbc !important;}\u00bb][vc_column_text css=\u00bb.vc_custom_1535572253668{margin-bottom: 10px !important;}\u00bb]<span style=\"font-size: 17pt; color: #ffffff;\">Plan lector<\/span>[\/vc_column_text][vc_column_text css=\u00bb.vc_custom_1535581872753{padding-top: 10px !important;padding-bottom: 28px !important;}\u00bb el_class=\u00bbcaja_datos\u00bb]<span style=\"color: #ffffff;\">Coordinar, gestionar, asesorar y proveer herramientas t\u00e9cnicas necesarias para la Evaluaci\u00f3n Diagn\u00f3stica, an\u00e1lisis y toma de decisiones en pro de la mejora del acceso al l\u00e9xico (lectura inicial) y habilidades de comprensi\u00f3n lectora. Fortalecer la articulaci\u00f3n a trav\u00e9s de la adquisici\u00f3n de la lectura desde el nivel de transici\u00f3n hasta segundo b\u00e1sico, asegurando la automatizaci\u00f3n de esta.<\/span>[\/vc_column_text][\/vc_column][vc_column width=\u00bb1\/2&#8243;][vc_single_image image=\u00bb2798&#8243; img_size=\u00bb500&#215;305&#8243; alignment=\u00bbright\u00bb][\/vc_column][\/vc_row][vc_row][vc_column width=\u00bb1\/2&#8243;][vc_single_image image=\u00bb2790&#8243; img_size=\u00bb500&#215;305&#8243;][\/vc_column][vc_column width=\u00bb1\/2&#8243; css=\u00bb.vc_custom_1535578834045{background-color: #715b8e !important;}\u00bb][vc_column_text css=\u00bb.vc_custom_1535579141687{margin-bottom: 10px !important;}\u00bb]<span style=\"font-size: 17pt; color: #ffffff;\">Vida saludable<\/span>[\/vc_column_text][vc_column_text el_class=\u00bbcaja_datos2&#8243; css=\u00bb.vc_custom_1535580704850{padding-bottom: 100px !important;}\u00bb]<span style=\"color: #ffffff;\">Promover h\u00e1bitos y estilos de vida saludables, a trav\u00e9s de tres \u00e1reas de intervenci\u00f3n, alimentaci\u00f3n y nutrici\u00f3n saludable, actividad f\u00edsica y deporte y salud bucal para disminuir los altos \u00edndices de sobrepeso y obesidad infantil.<\/span>[\/vc_column_text][\/vc_column][\/vc_row][vc_row][vc_column width=\u00bb1\/2&#8243; css=\u00bb.vc_custom_1535572486203{background-color: #52abbc !important;}\u00bb][vc_column_text css=\u00bb.vc_custom_1535572570793{margin-bottom: 10px !important;}\u00bb]<span style=\"font-size: 17pt; color: #ffffff;\">Formarte<\/span>[\/vc_column_text][vc_column_text el_class=\u00bbcaja_datos\u00bb css=\u00bb.vc_custom_1535580995750{padding-top: 10px !important;padding-bottom: 60px !important;}\u00bb]<span style=\"color: #ffffff;\">Desarrollar habilidades y capacidades mediante la incorporaci\u00f3n de asignaturas art\u00edsticas en las horas de libre disposici\u00f3n de la Jornada Escolar Completa (JEC), para la formaci\u00f3n integral de los y las estudiantes en los establecimientos educativos adheridos al Programa Formarte de la comuna de Pe\u00f1alol\u00e9n.<\/span>[\/vc_column_text][\/vc_column][vc_column width=\u00bb1\/2&#8243;][vc_single_image image=\u00bb2789&#8243; img_size=\u00bb500&#215;305&#8243; alignment=\u00bbright\u00bb][\/vc_column][\/vc_row][vc_row][vc_column width=\u00bb1\/2&#8243;][vc_single_image image=\u00bb2797&#8243; img_size=\u00bb500&#215;305&#8243;][\/vc_column][vc_column width=\u00bb1\/2&#8243; css=\u00bb.vc_custom_1535572751243{background-color: #715b8e !important;}\u00bb][vc_column_text css=\u00bb.vc_custom_1535572736738{margin-bottom: 10px !important;}\u00bb]<span style=\"font-size: 17pt; color: #ffffff;\">Programa de servicios m\u00e9dicos (junaeb)<\/span>[\/vc_column_text][vc_column_text el_class=\u00bbcaja_datos2&#8243; css=\u00bb.vc_custom_1535582249193{padding-top: 10px !important;padding-bottom: 90px !important;}\u00bb]<span style=\"color: #ffffff;\">Colaborar en el mejoramiento de la salud de los estudiantes, de tal manera que la presencia de ciertas patolog\u00edas no signifique una disminuci\u00f3n en los aprendizajes y en su capacidad de desarrollarse en la escuela.<\/span>[\/vc_column_text][\/vc_column][\/vc_row][vc_row][vc_column width=\u00bb1\/2&#8243; css=\u00bb.vc_custom_1535573035379{background-color: #52abbc !important;}\u00bb][vc_column_text css=\u00bb.vc_custom_1535572963851{margin-bottom: 10px !important;}\u00bb]<span style=\"font-size: 17pt; color: #ffffff;\">Centro de apoyo para el aprendizaje suyai<\/span>[\/vc_column_text][vc_column_text el_class=\u00bbcaja_datos\u00bb css=\u00bb.vc_custom_1535582406893{padding-top: 10px !important;padding-bottom: 28px !important;}\u00bb]<span style=\"color: #ffffff;\">Desarrollar una l\u00ednea de intervenci\u00f3n especializada y focalizada en la atenci\u00f3n de estudiantes que presentan Trastornos del Aprendizaje y\/o\u00a0 D\u00e9ficit Atencional con o sin hiperactividad (TDAH). Proporcionando tratamiento multidisciplinario, a trav\u00e9s de psiquiatras, psic\u00f3logas, psicopedagogas,\u00a0 educadora diferencial, fonoaudi\u00f3logo y trabajadora social.<\/span>[\/vc_column_text][\/vc_column][vc_column width=\u00bb1\/2&#8243;][vc_single_image image=\u00bb2791&#8243; img_size=\u00bb500&#215;305&#8243; alignment=\u00bbright\u00bb][\/vc_column][\/vc_row][vc_row][vc_column width=\u00bb1\/2&#8243;][vc_single_image image=\u00bb2796&#8243; img_size=\u00bb500&#215;305&#8243;][\/vc_column][vc_column width=\u00bb1\/2&#8243; css=\u00bb.vc_custom_1535573492245{background-color: #715b8e !important;}\u00bb][vc_column_text css=\u00bb.vc_custom_1535573121654{margin-bottom: 10px !important;}\u00bb]<span style=\"font-size: 17pt; color: #ffffff;\">Desarrollo profesional docente<\/span>[\/vc_column_text][vc_column_text el_class=\u00bbcaja_datos2&#8243; css=\u00bb.vc_custom_1535582645039{padding-top: 10px !important;padding-bottom: 90px !important;}\u00bb]<span style=\"color: #ffffff;\">Desarrollar un programa de Inducci\u00f3n, acompa\u00f1amiento y apoyo mentor, a docentes n\u00f3veles o con experiencia de la comuna de Pe\u00f1alol\u00e9n, que deben evaluarse y requieren mejorar sus pr\u00e1cticas de aula.<\/span>[\/vc_column_text][\/vc_column][\/vc_row][vc_row][vc_column width=\u00bb1\/2&#8243; css=\u00bb.vc_custom_1535573853255{background-color: #52abbc !important;}\u00bb][vc_column_text css=\u00bb.vc_custom_1535573831563{margin-bottom: 10px !important;}\u00bb]<span style=\"font-size: 17pt; color: #ffffff;\">Mejora de aprendizajes<\/span>[\/vc_column_text][vc_column_text el_class=\u00bbcaja_datos\u00bb css=\u00bb.vc_custom_1535582825838{padding-top: 10px !important;padding-bottom: 60px !important;}\u00bb]<span style=\"color: #ffffff;\">Potenciar el protagonismo de los estudiantes en su proceso de\u00a0 adquisici\u00f3n de conocimiento y desarrollo\u00a0 de habilidades cognitivas, socio afectivas y c\u00edvicas para\u00a0 ejercer derechos y obligaciones como ciudadanos y as\u00ed\u00a0 asegurar el bienestar de las generaciones futuras. (Proyecto Ciudadano Medioambiental).<\/span>[\/vc_column_text][\/vc_column][vc_column width=\u00bb1\/2&#8243;][vc_single_image image=\u00bb2795&#8243; img_size=\u00bb500&#215;305&#8243; alignment=\u00bbright\u00bb][\/vc_column][\/vc_row][vc_row][vc_column width=\u00bb1\/2&#8243;][vc_single_image image=\u00bb2792&#8243; img_size=\u00bb500&#215;305&#8243;][\/vc_column][vc_column width=\u00bb1\/2&#8243; css=\u00bb.vc_custom_1535574586890{background-color: #715b8e !important;}\u00bb][vc_column_text css=\u00bb.vc_custom_1535574299518{margin-bottom: 10px !important;}\u00bb]<span style=\"font-size: 17pt; color: #ffffff;\">Convivencia escolar y desarrollo<\/span>[\/vc_column_text][vc_column_text el_class=\u00bbcaja_datos2&#8243; css=\u00bb.vc_custom_1535582730559{padding-top: 10px !important;padding-bottom: 90px !important;}\u00bb]<span style=\"color: #ffffff;\">Estudiantes de colegios municipales de Pe\u00f1alol\u00e9n, de pre k\u00ednder, b\u00e1sica, educaci\u00f3n media t\u00e9cnico profesional y cient\u00edfico humanista, adultos que estudien en colegios vespertinos que requieran apoyo de profesionales de PIE.<\/span>[\/vc_column_text][\/vc_column][\/vc_row][vc_row full_width=\u00bbstretch_row\u00bb css=\u00bb.vc_custom_1535379099399{padding-top: 30px !important;padding-bottom: 30px !important;background-color: #ffffff !important;}\u00bb][vc_column width=\u00bb1\/4&#8243;][stm_stats text_alignment=\u00bbcenter\u00bb value=\u00bb8750&#8243; title=\u00bbAlumnos\u00bb value_color=\u00bb#000000&#8243; value_font_size=\u00bb50px\u00bb title_color=\u00bb#000000&#8243; title_font_size=\u00bb16px\u00bb][\/vc_column][vc_column width=\u00bb1\/4&#8243;][stm_stats text_alignment=\u00bbcenter\u00bb value=\u00bb450&#8243; title=\u00bb8750&#8243; value_color=\u00bb#000000&#8243; value_font_size=\u00bb50px\u00bb title_color=\u00bb#000000&#8243; title_font_size=\u00bb16px\u00bb][\/vc_column][vc_column width=\u00bb1\/4&#8243;][stm_stats text_alignment=\u00bbcenter\u00bb value=\u00bb120&#8243; title=\u00bbCursos\u00bb value_color=\u00bb#000000&#8243; value_font_size=\u00bb50px\u00bb title_color=\u00bb#000000&#8243; title_font_size=\u00bb16px\u00bb][\/vc_column][vc_column width=\u00bb1\/4&#8243;][stm_stats text_alignment=\u00bbcenter\u00bb value=\u00bb15&#8243; title=\u00bbColegios\u00bb value_color=\u00bb#000000&#8243; value_font_size=\u00bb50px\u00bb title_color=\u00bb#000000&#8243; title_font_size=\u00bb16px\u00bb][\/vc_column][\/vc_row]\n<\/div>","protected":false},"excerpt":{"rendered":"<p>[vc_row][vc_column][stm_title title_tag=\u00bbdiv\u00bb title_color=\u00bbcustom\u00bb sep_color=\u00bbcustom\u00bb page_title_enable=\u00bbtrue\u00bb sep_enable=\u00bbtrue\u00bb sep_color_custom=\u00bb#7ab2c4&#8243; sep_line_width=\u00bb325px\u00bb title_color_custom=\u00bb#715b8e\u00bb title_font_size=\u00bb36px\u00bb][\/stm_title][\/vc_column][\/vc_row][vc_row][vc_column width=\u00bb1\/2&#8243; css=\u00bb.vc_custom_1535562773841{background-color: #52abbc !important;}\u00bb][vc_column_text css=\u00bb.vc_custom_1535567239319{margin-bottom: 10px !important;}\u00bb]Convivencia escolar y desarrollo socioemocional del estudiante[\/vc_column_text][vc_column_text el_class=\u00bbcaja_datos\u00bb css=\u00bb.vc_custom_1535590299654{padding-top: 10px !important;}\u00bb]Desarrolla apoyo a la parentalidad a madres, padres y cuidadores a trav\u00e9s del modelo de Triple P que tiene por Objetivo: prevenir y tratar problemas de comportamiento, emocionales y [&hellip;]<\/p>\n","protected":false},"author":1,"featured_media":0,"parent":0,"menu_order":0,"comment_status":"closed","ping_status":"closed","template":"","meta":{"footnotes":""},"class_list":["post-1762","page","type-page","status-publish","hentry"],"_links":{"self":[{"href":"https:\/\/bowie.cl\/reduca\/wp-json\/wp\/v2\/pages\/1762","targetHints":{"allow":["GET"]}}],"collection":[{"href":"https:\/\/bowie.cl\/reduca\/wp-json\/wp\/v2\/pages"}],"about":[{"href":"https:\/\/bowie.cl\/reduca\/wp-json\/wp\/v2\/types\/page"}],"author":[{"embeddable":true,"href":"https:\/\/bowie.cl\/reduca\/wp-json\/wp\/v2\/users\/1"}],"replies":[{"embeddable":true,"href":"https:\/\/bowie.cl\/reduca\/wp-json\/wp\/v2\/comments?post=1762"}],"version-history":[{"count":49,"href":"https:\/\/bowie.cl\/reduca\/wp-json\/wp\/v2\/pages\/1762\/revisions"}],"predecessor-version":[{"id":2604,"href":"https:\/\/bowie.cl\/reduca\/wp-json\/wp\/v2\/pages\/1762\/revisions\/2604"}],"wp:attachment":[{"href":"https:\/\/bowie.cl\/reduca\/wp-json\/wp\/v2\/media?parent=1762"}],"curies":[{"name":"wp","href":"https:\/\/api.w.org\/{rel}","templated":true}]}}