{"id":1404,"date":"2016-08-31T13:19:21","date_gmt":"2016-08-31T10:19:21","guid":{"rendered":"http:\/\/smartyschool.stylemixthemes.com\/?page_id=1404"},"modified":"2018-12-05T14:38:22","modified_gmt":"2018-12-05T14:38:22","slug":"news-list","status":"publish","type":"page","link":"https:\/\/bowie.cl\/reduca\/news\/news-list\/","title":{"rendered":"Noticias"},"content":{"rendered":"<div class=\"wpb-content-wrapper\">[vc_row css=\u00bb.vc_custom_1472642280031{margin-bottom: 25px !important;}\u00bb][vc_column width=\u00bb3\/4&#8243;][stm_title title_tag=\u00bbdiv\u00bb title_color=\u00bbcustom\u00bb sep_color=\u00bbcustom\u00bb page_title_enable=\u00bbtrue\u00bb sep_enable=\u00bbtrue\u00bb title_color_custom=\u00bb#715b8e\u00bb title_font_size=\u00bb36px\u00bb title_margin_b=\u00bb35px\u00bb title_margin_t=\u00bb17px\u00bb sep_color_custom=\u00bb#7ab2c4&#8243; sep_line_width=\u00bb140px\u00bb][\/stm_title][vc_wp_text]<style>.wp-show-posts-columns#wpsp-3240 {margin-left: -1em; }.wp-show-posts-columns#wpsp-3240 .wp-show-posts-inner {margin: 0 0 1em 1em; }<\/style><section id=\"wpsp-3240\" class=\" wp-show-posts-columns wp-show-posts\" style=\"\"><article class=\" wp-show-posts-single post-1 post type-post status-publish format-standard has-post-thumbnail hentry category-noticias tag-noticias wpsp-col-4\" itemtype=\"http:\/\/schema.org\/CreativeWork\" itemscope><div class=\"wp-show-posts-inner\" style=\"\">\t\t<div class=\"wp-show-posts-image  wpsp-image-center \">\n\t\t\t<a href=\"https:\/\/bowie.cl\/reduca\/2018\/08\/07\/hello-world\/\"  title=\"Alumnos de Pe\u00f1alol\u00e9n conocieron brazo rob\u00f3tico y bacterias felices en 1era Feria Innovaci\u00f3n Tecnol\u00f3gica\"><img loading=\"lazy\" decoding=\"async\" width=\"1030\" height=\"686\" src=\"https:\/\/bowie.cl\/reduca\/wp-content\/uploads\/2018\/08\/1-1030x686.jpg\" class=\"attachment-full size-full wp-post-image\" alt=\"\" itemprop=\"image\" srcset=\"https:\/\/bowie.cl\/reduca\/wp-content\/uploads\/2018\/08\/1-1030x686.jpg 1030w, https:\/\/bowie.cl\/reduca\/wp-content\/uploads\/2018\/08\/1-1030x686-300x200.jpg 300w, https:\/\/bowie.cl\/reduca\/wp-content\/uploads\/2018\/08\/1-1030x686-768x512.jpg 768w, https:\/\/bowie.cl\/reduca\/wp-content\/uploads\/2018\/08\/1-1030x686-1024x682.jpg 1024w, https:\/\/bowie.cl\/reduca\/wp-content\/uploads\/2018\/08\/1-1030x686-600x400.jpg 600w\" sizes=\"auto, (max-width: 1030px) 100vw, 1030px\" \/><\/a>\t\t<\/div>\n\t\t\t\t\t\t\t\t<header class=\"wp-show-posts-entry-header\">\n\t\t\t\t\t\t\t<h2 class=\"wp-show-posts-entry-title\" itemprop=\"headline\"><a href=\"https:\/\/bowie.cl\/reduca\/2018\/08\/07\/hello-world\/\" rel=\"bookmark\">Alumnos de Pe\u00f1alol\u00e9n conocieron brazo rob\u00f3tico y bacterias felices en 1era Feria Innovaci\u00f3n Tecnol\u00f3gica<\/a><\/h2><div class=\"wp-show-posts-entry-meta wp-show-posts-entry-meta-below-title post-meta-inline\"><span class=\"wp-show-posts-posted-on wp-show-posts-meta\">\n\t\t\t\t\t<a href=\"https:\/\/bowie.cl\/reduca\/2018\/08\/07\/hello-world\/\" title=\"3:46 pm\" rel=\"bookmark\"><time class=\"wp-show-posts-entry-date published\" datetime=\"2018-08-07T15:46:59+00:00\" itemprop=\"datePublished\">agosto 7, 2018<\/time><time class=\"wp-show-posts-updated\" datetime=\"2018-08-30T03:11:45+00:00\" itemprop=\"dateModified\">agosto 30, 2018<\/time><\/a>\n\t\t\t\t<\/span><\/div>\t\t\t\t\t\t<\/header><!-- .entry-header -->\n\t\t\t\t\t\t\t\t\t\t\t<div class=\"wp-show-posts-entry-summary\" itemprop=\"text\">\n\t\t\t\t\t\t\t<p>Atracciones cient\u00edficas como un brazo rob\u00f3tico de bajo costo, bacterias anaer\u00f3bicas capaces de generar electricidad y un simulador para el manejo de maquinaria pesada especial,<\/p>\n\t\t\t\t\t\t<\/div><!-- .entry-summary -->\n\t\t\t\t\t<\/div><!-- wp-show-posts-inner --><\/article><article class=\" wp-show-posts-single post-295 post type-post status-publish format-standard has-post-thumbnail hentry category-noticias tag-noticias wpsp-col-4\" itemtype=\"http:\/\/schema.org\/CreativeWork\" itemscope><div class=\"wp-show-posts-inner\" style=\"\">\t\t<div class=\"wp-show-posts-image  wpsp-image-center \">\n\t\t\t<a href=\"https:\/\/bowie.cl\/reduca\/2018\/08\/01\/students-take-crash-course-in-japanese-sword-fighting\/\"  title=\"Alcaldesa Carolina Leitao y vecinos de San Luis recorren primera etapa del nuevo Centro Educacional Eduardo de la Barra\"><img loading=\"lazy\" decoding=\"async\" width=\"960\" height=\"667\" src=\"https:\/\/bowie.cl\/reduca\/wp-content\/uploads\/2016\/08\/8c0cfa82-8126-4f18-8030-cc581a8db278.jpg\" class=\"attachment-full size-full wp-post-image\" alt=\"\" itemprop=\"image\" srcset=\"https:\/\/bowie.cl\/reduca\/wp-content\/uploads\/2016\/08\/8c0cfa82-8126-4f18-8030-cc581a8db278.jpg 960w, https:\/\/bowie.cl\/reduca\/wp-content\/uploads\/2016\/08\/8c0cfa82-8126-4f18-8030-cc581a8db278-300x208.jpg 300w, https:\/\/bowie.cl\/reduca\/wp-content\/uploads\/2016\/08\/8c0cfa82-8126-4f18-8030-cc581a8db278-768x534.jpg 768w, https:\/\/bowie.cl\/reduca\/wp-content\/uploads\/2016\/08\/8c0cfa82-8126-4f18-8030-cc581a8db278-600x417.jpg 600w\" sizes=\"auto, (max-width: 960px) 100vw, 960px\" \/><\/a>\t\t<\/div>\n\t\t\t\t\t\t\t\t<header class=\"wp-show-posts-entry-header\">\n\t\t\t\t\t\t\t<h2 class=\"wp-show-posts-entry-title\" itemprop=\"headline\"><a href=\"https:\/\/bowie.cl\/reduca\/2018\/08\/01\/students-take-crash-course-in-japanese-sword-fighting\/\" rel=\"bookmark\">Alcaldesa Carolina Leitao y vecinos de San Luis recorren primera etapa del nuevo Centro Educacional Eduardo de la Barra<\/a><\/h2><div class=\"wp-show-posts-entry-meta wp-show-posts-entry-meta-below-title post-meta-inline\"><span class=\"wp-show-posts-posted-on wp-show-posts-meta\">\n\t\t\t\t\t<a href=\"https:\/\/bowie.cl\/reduca\/2018\/08\/01\/students-take-crash-course-in-japanese-sword-fighting\/\" title=\"2:00 pm\" rel=\"bookmark\"><time class=\"wp-show-posts-entry-date published\" datetime=\"2018-08-01T14:00:46+00:00\" itemprop=\"datePublished\">agosto 1, 2018<\/time><time class=\"wp-show-posts-updated\" datetime=\"2018-08-30T03:12:04+00:00\" itemprop=\"dateModified\">agosto 30, 2018<\/time><\/a>\n\t\t\t\t<\/span><\/div>\t\t\t\t\t\t<\/header><!-- .entry-header -->\n\t\t\t\t\t\t\t\t\t\t\t<div class=\"wp-show-posts-entry-summary\" itemprop=\"text\">\n\t\t\t\t\t\t\t<p>Una tremenda sorpresa se llevar\u00e1n los estudiantes del Centro Educacional Eduardo de la Barra cuando este lunes regresen de sus vacaciones de invierno.<\/p>\n\t\t\t\t\t\t<\/div><!-- .entry-summary -->\n\t\t\t\t\t<\/div><!-- wp-show-posts-inner --><\/article><article class=\" wp-show-posts-single post-325 post type-post status-publish format-standard has-post-thumbnail hentry category-noticias tag-noticias wpsp-col-4\" itemtype=\"http:\/\/schema.org\/CreativeWork\" itemscope><div class=\"wp-show-posts-inner\" style=\"\">\t\t<div class=\"wp-show-posts-image  wpsp-image-center \">\n\t\t\t<a href=\"https:\/\/bowie.cl\/reduca\/2018\/08\/01\/smart-launches-new-architecture-and-design-bsc-honours-3\/\"  title=\"Comunidad educativa de Colegio Alicura resalta la cultura ind\u00edgena y a los inmigrantes\"><img loading=\"lazy\" decoding=\"async\" width=\"1030\" height=\"686\" src=\"https:\/\/bowie.cl\/reduca\/wp-content\/uploads\/2016\/08\/DSC_0910-1030x686.jpg\" class=\"attachment-full size-full wp-post-image\" alt=\"\" itemprop=\"image\" srcset=\"https:\/\/bowie.cl\/reduca\/wp-content\/uploads\/2016\/08\/DSC_0910-1030x686.jpg 1030w, https:\/\/bowie.cl\/reduca\/wp-content\/uploads\/2016\/08\/DSC_0910-1030x686-300x200.jpg 300w, https:\/\/bowie.cl\/reduca\/wp-content\/uploads\/2016\/08\/DSC_0910-1030x686-768x512.jpg 768w, https:\/\/bowie.cl\/reduca\/wp-content\/uploads\/2016\/08\/DSC_0910-1030x686-1024x682.jpg 1024w, https:\/\/bowie.cl\/reduca\/wp-content\/uploads\/2016\/08\/DSC_0910-1030x686-600x400.jpg 600w\" sizes=\"auto, (max-width: 1030px) 100vw, 1030px\" \/><\/a>\t\t<\/div>\n\t\t\t\t\t\t\t\t<header class=\"wp-show-posts-entry-header\">\n\t\t\t\t\t\t\t<h2 class=\"wp-show-posts-entry-title\" itemprop=\"headline\"><a href=\"https:\/\/bowie.cl\/reduca\/2018\/08\/01\/smart-launches-new-architecture-and-design-bsc-honours-3\/\" rel=\"bookmark\">Comunidad educativa de Colegio Alicura resalta la cultura ind\u00edgena y a los inmigrantes<\/a><\/h2><div class=\"wp-show-posts-entry-meta wp-show-posts-entry-meta-below-title post-meta-inline\"><span class=\"wp-show-posts-posted-on wp-show-posts-meta\">\n\t\t\t\t\t<a href=\"https:\/\/bowie.cl\/reduca\/2018\/08\/01\/smart-launches-new-architecture-and-design-bsc-honours-3\/\" title=\"1:50 pm\" rel=\"bookmark\"><time class=\"wp-show-posts-entry-date published\" datetime=\"2018-08-01T13:50:03+00:00\" itemprop=\"datePublished\">agosto 1, 2018<\/time><time class=\"wp-show-posts-updated\" datetime=\"2018-08-30T03:12:33+00:00\" itemprop=\"dateModified\">agosto 30, 2018<\/time><\/a>\n\t\t\t\t<\/span><\/div>\t\t\t\t\t\t<\/header><!-- .entry-header -->\n\t\t\t\t\t\t\t\t\t\t\t<div class=\"wp-show-posts-entry-summary\" itemprop=\"text\">\n\t\t\t\t\t\t\t<p>Con el objetivo de cerrar el primer semestre escolar y conmemorar el We Tripantu, los estudiantes y docentes del Colegio Alicura realizaron una exposici\u00f3n de artesan\u00edas, gastronom\u00eda y fotograf\u00edas vinculadas a los pueblos ind\u00edgenas del territorio nacional.<\/p>\n\t\t\t\t\t\t<\/div><!-- .entry-summary -->\n\t\t\t\t\t<\/div><!-- wp-show-posts-inner --><\/article><article class=\" wp-show-posts-single post-1426 post type-post status-publish format-standard has-post-thumbnail hentry category-noticias tag-noticias wpsp-col-4\" itemtype=\"http:\/\/schema.org\/CreativeWork\" itemscope><div class=\"wp-show-posts-inner\" style=\"\">\t\t<div class=\"wp-show-posts-image  wpsp-image-center \">\n\t\t\t<a href=\"https:\/\/bowie.cl\/reduca\/2018\/07\/31\/estudiantes-del-centro-educacional-eduardo-de-la-barra-vuelven-a-clases-en-moderna-infraestructura\/\"  title=\"Estudiantes del Centro Educacional Eduardo de la Barra vuelven a clases en moderna infraestructura\"><img loading=\"lazy\" decoding=\"async\" width=\"1030\" height=\"686\" src=\"https:\/\/bowie.cl\/reduca\/wp-content\/uploads\/2016\/08\/DSC_0050-copia-1030x686.jpg\" class=\"attachment-full size-full wp-post-image\" alt=\"\" itemprop=\"image\" srcset=\"https:\/\/bowie.cl\/reduca\/wp-content\/uploads\/2016\/08\/DSC_0050-copia-1030x686.jpg 1030w, https:\/\/bowie.cl\/reduca\/wp-content\/uploads\/2016\/08\/DSC_0050-copia-1030x686-300x200.jpg 300w, https:\/\/bowie.cl\/reduca\/wp-content\/uploads\/2016\/08\/DSC_0050-copia-1030x686-768x512.jpg 768w, https:\/\/bowie.cl\/reduca\/wp-content\/uploads\/2016\/08\/DSC_0050-copia-1030x686-1024x682.jpg 1024w, https:\/\/bowie.cl\/reduca\/wp-content\/uploads\/2016\/08\/DSC_0050-copia-1030x686-600x400.jpg 600w\" sizes=\"auto, (max-width: 1030px) 100vw, 1030px\" \/><\/a>\t\t<\/div>\n\t\t\t\t\t\t\t\t<header class=\"wp-show-posts-entry-header\">\n\t\t\t\t\t\t\t<h2 class=\"wp-show-posts-entry-title\" itemprop=\"headline\"><a href=\"https:\/\/bowie.cl\/reduca\/2018\/07\/31\/estudiantes-del-centro-educacional-eduardo-de-la-barra-vuelven-a-clases-en-moderna-infraestructura\/\" rel=\"bookmark\">Estudiantes del Centro Educacional Eduardo de la Barra vuelven a clases en moderna infraestructura<\/a><\/h2><div class=\"wp-show-posts-entry-meta wp-show-posts-entry-meta-below-title post-meta-inline\"><span class=\"wp-show-posts-posted-on wp-show-posts-meta\">\n\t\t\t\t\t<a href=\"https:\/\/bowie.cl\/reduca\/2018\/07\/31\/estudiantes-del-centro-educacional-eduardo-de-la-barra-vuelven-a-clases-en-moderna-infraestructura\/\" title=\"3:30 pm\" rel=\"bookmark\"><time class=\"wp-show-posts-entry-date published\" datetime=\"2018-07-31T15:30:19+00:00\" itemprop=\"datePublished\">julio 31, 2018<\/time><time class=\"wp-show-posts-updated\" datetime=\"2018-09-04T03:46:39+00:00\" itemprop=\"dateModified\">septiembre 4, 2018<\/time><\/a>\n\t\t\t\t<\/span><\/div>\t\t\t\t\t\t<\/header><!-- .entry-header -->\n\t\t\t\t\t\t\t\t\t\t\t<div class=\"wp-show-posts-entry-summary\" itemprop=\"text\">\n\t\t\t\t\t\t\t<p>La baja temperatura de la ma\u00f1ana no fue impedimento para que alumnos y alumnas del recinto escolar p\u00fablico de San Luis estuvieran felices de conocer las nuevas instalaciones de su colegio, <\/p>\n\t\t\t\t\t\t<\/div><!-- .entry-summary -->\n\t\t\t\t\t<\/div><!-- wp-show-posts-inner --><\/article><div class=\"wpsp-clear\"><\/div><\/section><!-- .wp-show-posts -->[\/vc_wp_text][\/vc_column][vc_column width=\u00bb1\/4&#8243; css=\u00bb.vc_custom_1472642287555{margin-top: 36px !important;}\u00bb][stm_sidebar sidebar_id=\u00bb1413&#8243;][\/vc_column][\/vc_row][vc_row full_width=\u00bbstretch_row\u00bb css=\u00bb.vc_custom_1472639107453{padding-top: 18px !important;padding-bottom: 44px !important;background-color: #ffffff !important;}\u00bb][vc_column width=\u00bb1\/4&#8243;][stm_stats text_alignment=\u00bbcenter\u00bb value=\u00bb8750&#8243; title=\u00bbAlumnos\u00bb value_color=\u00bb#0a0a0a\u00bb value_font_size=\u00bb50px\u00bb title_color=\u00bb#0a0a0a\u00bb title_font_size=\u00bb16px\u00bb][\/vc_column][vc_column width=\u00bb1\/4&#8243;][stm_stats text_alignment=\u00bbcenter\u00bb count_grouping=\u00bbtrue\u00bb value=\u00bb450&#8243; title=\u00bbProfesores\u00bb value_color=\u00bb#000000&#8243; value_font_size=\u00bb50px\u00bb title_color=\u00bb#000000&#8243; title_font_size=\u00bb16px\u00bb desc_color=\u00bb#808080&#8243; desc_font_size=\u00bb13px\u00bb][\/vc_column][vc_column width=\u00bb1\/4&#8243;][stm_stats text_alignment=\u00bbcenter\u00bb count_grouping=\u00bbtrue\u00bb value=\u00bb120&#8243; title=\u00bbCursos\u00bb value_color=\u00bb#000000&#8243; value_font_size=\u00bb50px\u00bb title_color=\u00bb#000000&#8243; title_font_size=\u00bb16px\u00bb desc_color=\u00bb#808080&#8243; desc_font_size=\u00bb13px\u00bb][\/vc_column][vc_column width=\u00bb1\/4&#8243;][stm_stats text_alignment=\u00bbcenter\u00bb count_grouping=\u00bbtrue\u00bb value=\u00bb15&#8243; title=\u00bbColegios\u00bb value_color=\u00bb#000000&#8243; value_font_size=\u00bb50px\u00bb title_color=\u00bb#000000&#8243; title_font_size=\u00bb16px\u00bb desc_color=\u00bb#808080&#8243; desc_font_size=\u00bb13px\u00bb][\/vc_column][\/vc_row][vc_row full_width=\u00bbstretch_row\u00bb css=\u00bb.vc_custom_1472639150389{background-color: #3277ae !important;}\u00bb][vc_column css=\u00bb.vc_custom_1472639136474{padding-top: 0px !important;}\u00bb][stm_call_to_action title=\u00bbApply for Admission or some other Call to Action\u00bb btn_link=\u00bburl:%23||\u00bb btn_link_text=\u00bbCALL TO ACTION\u00bb][\/stm_call_to_action][\/vc_column][\/vc_row]\n<\/div>","protected":false},"excerpt":{"rendered":"<p>[vc_row css=\u00bb.vc_custom_1472642280031{margin-bottom: 25px !important;}\u00bb][vc_column width=\u00bb3\/4&#8243;][stm_title title_tag=\u00bbdiv\u00bb title_color=\u00bbcustom\u00bb sep_color=\u00bbcustom\u00bb page_title_enable=\u00bbtrue\u00bb sep_enable=\u00bbtrue\u00bb title_color_custom=\u00bb#715b8e\u00bb title_font_size=\u00bb36px\u00bb title_margin_b=\u00bb35px\u00bb title_margin_t=\u00bb17px\u00bb sep_color_custom=\u00bb#7ab2c4&#8243; sep_line_width=\u00bb140px\u00bb][\/stm_title][vc_wp_text][\/vc_wp_text][\/vc_column][vc_column width=\u00bb1\/4&#8243; css=\u00bb.vc_custom_1472642287555{margin-top: 36px !important;}\u00bb][stm_sidebar sidebar_id=\u00bb1413&#8243;][\/vc_column][\/vc_row][vc_row full_width=\u00bbstretch_row\u00bb css=\u00bb.vc_custom_1472639107453{padding-top: 18px !important;padding-bottom: 44px !important;background-color: #ffffff !important;}\u00bb][vc_column width=\u00bb1\/4&#8243;][stm_stats text_alignment=\u00bbcenter\u00bb value=\u00bb8750&#8243; title=\u00bbAlumnos\u00bb value_color=\u00bb#0a0a0a\u00bb value_font_size=\u00bb50px\u00bb title_color=\u00bb#0a0a0a\u00bb title_font_size=\u00bb16px\u00bb][\/vc_column][vc_column width=\u00bb1\/4&#8243;][stm_stats text_alignment=\u00bbcenter\u00bb count_grouping=\u00bbtrue\u00bb value=\u00bb450&#8243; title=\u00bbProfesores\u00bb value_color=\u00bb#000000&#8243; value_font_size=\u00bb50px\u00bb title_color=\u00bb#000000&#8243; title_font_size=\u00bb16px\u00bb desc_color=\u00bb#808080&#8243; desc_font_size=\u00bb13px\u00bb][\/vc_column][vc_column width=\u00bb1\/4&#8243;][stm_stats text_alignment=\u00bbcenter\u00bb count_grouping=\u00bbtrue\u00bb value=\u00bb120&#8243; title=\u00bbCursos\u00bb value_color=\u00bb#000000&#8243; value_font_size=\u00bb50px\u00bb [&hellip;]<\/p>\n","protected":false},"author":1,"featured_media":0,"parent":754,"menu_order":0,"comment_status":"closed","ping_status":"closed","template":"","meta":{"footnotes":""},"class_list":["post-1404","page","type-page","status-publish","hentry"],"_links":{"self":[{"href":"https:\/\/bowie.cl\/reduca\/wp-json\/wp\/v2\/pages\/1404","targetHints":{"allow":["GET"]}}],"collection":[{"href":"https:\/\/bowie.cl\/reduca\/wp-json\/wp\/v2\/pages"}],"about":[{"href":"https:\/\/bowie.cl\/reduca\/wp-json\/wp\/v2\/types\/page"}],"author":[{"embeddable":true,"href":"https:\/\/bowie.cl\/reduca\/wp-json\/wp\/v2\/users\/1"}],"replies":[{"embeddable":true,"href":"https:\/\/bowie.cl\/reduca\/wp-json\/wp\/v2\/comments?post=1404"}],"version-history":[{"count":7,"href":"https:\/\/bowie.cl\/reduca\/wp-json\/wp\/v2\/pages\/1404\/revisions"}],"predecessor-version":[{"id":3241,"href":"https:\/\/bowie.cl\/reduca\/wp-json\/wp\/v2\/pages\/1404\/revisions\/3241"}],"up":[{"embeddable":true,"href":"https:\/\/bowie.cl\/reduca\/wp-json\/wp\/v2\/pages\/754"}],"wp:attachment":[{"href":"https:\/\/bowie.cl\/reduca\/wp-json\/wp\/v2\/media?parent=1404"}],"curies":[{"name":"wp","href":"https:\/\/api.w.org\/{rel}","templated":true}]}}